{"id":127957,"date":"2021-07-12T21:49:14","date_gmt":"2022-10-24T12:31:09","guid":{"rendered":"https:\/\/www.laperlavalles.cat\/product\/organic-olive-oil-relaxer-kit-regular\/"},"modified":"2025-03-24T10:45:03","modified_gmt":"2025-03-24T09:45:03","slug":"organic-olive-oil-relaxer-kit-regular-2","status":"publish","type":"product","link":"https:\/\/www.laperlavalles.cat\/es\/product\/organic-olive-oil-relaxer-kit-regular-2\/","title":{"rendered":"ORGANIC OLIVE OIL RELAXER KIT REGULAR"},"content":{"rendered":"<p>El ORS ORGANIC OLIVE OIL KIT REGULAR es un kit de alisado enriquecido con aceite de oliva org\u00e1nico, dise\u00f1ado para alisar el cabello mientras le aporta hidrataci\u00f3n y protecci\u00f3n.<\/p>\n","protected":false},"excerpt":{"rendered":"<p>El ORS ORGANIC OLIVE OIL KIT REGULAR es un kit de alisado enriquecido con aceite de oliva org\u00e1nico, dise\u00f1ado para alisar el cabello mientras le aporta<span class=\"excerpt-hellip\"> [\u2026]<\/span><\/p>\n","protected":false},"featured_media":160248,"comment_status":"open","ping_status":"closed","template":"","meta":[],"product_cat":[8403,24330],"product_tag":[],"_links":{"self":[{"href":"https:\/\/www.laperlavalles.cat\/es\/wp-json\/wp\/v2\/product\/127957"}],"collection":[{"href":"https:\/\/www.laperlavalles.cat\/es\/wp-json\/wp\/v2\/product"}],"about":[{"href":"https:\/\/www.laperlavalles.cat\/es\/wp-json\/wp\/v2\/types\/product"}],"replies":[{"embeddable":true,"href":"https:\/\/www.laperlavalles.cat\/es\/wp-json\/wp\/v2\/comments?post=127957"}],"wp:featuredmedia":[{"embeddable":true,"href":"https:\/\/www.laperlavalles.cat\/es\/wp-json\/wp\/v2\/media\/160248"}],"wp:attachment":[{"href":"https:\/\/www.laperlavalles.cat\/es\/wp-json\/wp\/v2\/media?parent=127957"}],"wp:term":[{"taxonomy":"product_cat","embeddable":true,"href":"https:\/\/www.laperlavalles.cat\/es\/wp-json\/wp\/v2\/product_cat?post=127957"},{"taxonomy":"product_tag","embeddable":true,"href":"https:\/\/www.laperlavalles.cat\/es\/wp-json\/wp\/v2\/product_tag?post=127957"}],"curies":[{"name":"wp","href":"https:\/\/api.w.org\/{rel}","templated":true}]}}