{"id":127963,"date":"2021-07-12T21:48:33","date_gmt":"2022-10-24T12:38:27","guid":{"rendered":"https:\/\/www.laperlavalles.cat\/product\/locion-de-aceite-rosa-de-luster\/"},"modified":"2023-06-23T09:11:36","modified_gmt":"2023-06-23T07:11:36","slug":"lusters-pink-oil-lotion-2","status":"publish","type":"product","link":"https:\/\/www.laperlavalles.cat\/es\/product\/lusters-pink-oil-lotion-2\/","title":{"rendered":"LOCI\u00d3N DE ACEITE ROSA DE LUSTER"},"content":{"rendered":"<p>Loci\u00f3n de aceite rosa de luster. Loci\u00f3n hidratante para el pelo.<\/p>\n","protected":false},"excerpt":{"rendered":"<p>Loci\u00f3n de aceite rosa de luster. Loci\u00f3n hidratante para el pelo.<\/p>\n","protected":false},"featured_media":160216,"comment_status":"open","ping_status":"closed","template":"","meta":[],"product_cat":[8403,24330],"product_tag":[],"_links":{"self":[{"href":"https:\/\/www.laperlavalles.cat\/es\/wp-json\/wp\/v2\/product\/127963"}],"collection":[{"href":"https:\/\/www.laperlavalles.cat\/es\/wp-json\/wp\/v2\/product"}],"about":[{"href":"https:\/\/www.laperlavalles.cat\/es\/wp-json\/wp\/v2\/types\/product"}],"replies":[{"embeddable":true,"href":"https:\/\/www.laperlavalles.cat\/es\/wp-json\/wp\/v2\/comments?post=127963"}],"wp:featuredmedia":[{"embeddable":true,"href":"https:\/\/www.laperlavalles.cat\/es\/wp-json\/wp\/v2\/media\/160216"}],"wp:attachment":[{"href":"https:\/\/www.laperlavalles.cat\/es\/wp-json\/wp\/v2\/media?parent=127963"}],"wp:term":[{"taxonomy":"product_cat","embeddable":true,"href":"https:\/\/www.laperlavalles.cat\/es\/wp-json\/wp\/v2\/product_cat?post=127963"},{"taxonomy":"product_tag","embeddable":true,"href":"https:\/\/www.laperlavalles.cat\/es\/wp-json\/wp\/v2\/product_tag?post=127963"}],"curies":[{"name":"wp","href":"https:\/\/api.w.org\/{rel}","templated":true}]}}