{"id":130218,"date":"2023-02-13T12:17:49","date_gmt":"2023-02-13T11:17:49","guid":{"rendered":"https:\/\/www.laperlavalles.cat\/product\/harina-de-mijo-soungouf-kumba-1kg-7\/"},"modified":"2023-02-13T12:17:49","modified_gmt":"2023-02-13T11:17:49","slug":"harina-de-mijo-soungouf-kumba-1kg-7","status":"publish","type":"product","link":"https:\/\/www.laperlavalles.cat\/es\/product\/harina-de-mijo-soungouf-kumba-1kg-7\/","title":{"rendered":"HARINA DE MIJO SOUNGOUF KUMBA 1KG"},"content":{"rendered":"<p>La Perla es especialista en la distribuci\u00f3n de harinas procedentes de \u00c1frica. Consulta nuestro cat\u00e1logo completo de productos alimenticios de origen africano.<\/p>\n","protected":false},"excerpt":{"rendered":"<p>La Perla es especialista en la distribuci\u00f3n de harinas procedentes de \u00c1frica. Consulta nuestro cat\u00e1logo completo de productos alimenticios de origen africano.<\/p>\n","protected":false},"featured_media":130214,"comment_status":"open","ping_status":"closed","template":"","meta":[],"product_cat":[8398,8476],"product_tag":[],"_links":{"self":[{"href":"https:\/\/www.laperlavalles.cat\/es\/wp-json\/wp\/v2\/product\/130218"}],"collection":[{"href":"https:\/\/www.laperlavalles.cat\/es\/wp-json\/wp\/v2\/product"}],"about":[{"href":"https:\/\/www.laperlavalles.cat\/es\/wp-json\/wp\/v2\/types\/product"}],"replies":[{"embeddable":true,"href":"https:\/\/www.laperlavalles.cat\/es\/wp-json\/wp\/v2\/comments?post=130218"}],"wp:featuredmedia":[{"embeddable":true,"href":"https:\/\/www.laperlavalles.cat\/es\/wp-json\/wp\/v2\/media\/130214"}],"wp:attachment":[{"href":"https:\/\/www.laperlavalles.cat\/es\/wp-json\/wp\/v2\/media?parent=130218"}],"wp:term":[{"taxonomy":"product_cat","embeddable":true,"href":"https:\/\/www.laperlavalles.cat\/es\/wp-json\/wp\/v2\/product_cat?post=130218"},{"taxonomy":"product_tag","embeddable":true,"href":"https:\/\/www.laperlavalles.cat\/es\/wp-json\/wp\/v2\/product_tag?post=130218"}],"curies":[{"name":"wp","href":"https:\/\/api.w.org\/{rel}","templated":true}]}}