{"id":130233,"date":"2023-02-13T12:20:14","date_gmt":"2023-02-13T11:20:14","guid":{"rendered":"https:\/\/www.laperlavalles.cat\/product\/harina-de-mijo-soungouf-kumba-1kg-8\/"},"modified":"2023-02-13T12:20:14","modified_gmt":"2023-02-13T11:20:14","slug":"harina-de-mijo-soungouf-kumba-1kg-8","status":"publish","type":"product","link":"https:\/\/www.laperlavalles.cat\/es\/product\/harina-de-mijo-soungouf-kumba-1kg-8\/","title":{"rendered":"HARINA DE MIJO SOUNGOUF KUMBA 1KG"},"content":{"rendered":"<p>La Perla es especialista en la distribuci\u00f3n de harinas procedentes de \u00c1frica. Consulta nuestro cat\u00e1logo completo de productos alimenticios de origen africano.<\/p>\n","protected":false},"excerpt":{"rendered":"<p>La Perla es especialista en la distribuci\u00f3n de harinas procedentes de \u00c1frica. Consulta nuestro cat\u00e1logo completo de productos alimenticios de origen africano.<\/p>\n","protected":false},"featured_media":130229,"comment_status":"open","ping_status":"closed","template":"","meta":[],"product_cat":[8398,8476],"product_tag":[],"_links":{"self":[{"href":"https:\/\/www.laperlavalles.cat\/es\/wp-json\/wp\/v2\/product\/130233"}],"collection":[{"href":"https:\/\/www.laperlavalles.cat\/es\/wp-json\/wp\/v2\/product"}],"about":[{"href":"https:\/\/www.laperlavalles.cat\/es\/wp-json\/wp\/v2\/types\/product"}],"replies":[{"embeddable":true,"href":"https:\/\/www.laperlavalles.cat\/es\/wp-json\/wp\/v2\/comments?post=130233"}],"wp:featuredmedia":[{"embeddable":true,"href":"https:\/\/www.laperlavalles.cat\/es\/wp-json\/wp\/v2\/media\/130229"}],"wp:attachment":[{"href":"https:\/\/www.laperlavalles.cat\/es\/wp-json\/wp\/v2\/media?parent=130233"}],"wp:term":[{"taxonomy":"product_cat","embeddable":true,"href":"https:\/\/www.laperlavalles.cat\/es\/wp-json\/wp\/v2\/product_cat?post=130233"},{"taxonomy":"product_tag","embeddable":true,"href":"https:\/\/www.laperlavalles.cat\/es\/wp-json\/wp\/v2\/product_tag?post=130233"}],"curies":[{"name":"wp","href":"https:\/\/api.w.org\/{rel}","templated":true}]}}