{"id":178595,"date":"2024-06-05T15:00:13","date_gmt":"2024-06-05T13:00:33","guid":{"rendered":"https:\/\/www.laperlavalles.cat\/product\/producto-78\/"},"modified":"2025-02-28T10:16:12","modified_gmt":"2025-02-28T09:16:12","slug":"producto-78","status":"publish","type":"product","link":"https:\/\/www.laperlavalles.cat\/es\/product\/producto-78\/","title":{"rendered":"Aceite de s\u00e9samo 70% S\u00e9samo 30% Soja Pearl River Bridge 1,8l"},"content":{"rendered":"<p>El aceite de s\u00e9samo 70% s\u00e9samo 30% soja es un producto saludable y delicioso que se puede usar en una variedad de platos.\u00a0Est\u00e1 hecho con una mezcla de 70% de aceite de s\u00e9samo puro y 30% de aceite de soja,\u00a0lo que le da un sabor rico y robusto.\u00a0El aceite es una buena fuente de \u00e1cidos grasos esenciales,\u00a0que son importantes para la salud del coraz\u00f3n y el cerebro.\u00a0Tambi\u00e9n es una buena fuente de vitamina E,\u00a0un antioxidante que ayuda a proteger las c\u00e9lulas del da\u00f1o.<\/p>\n","protected":false},"excerpt":{"rendered":"<p>El aceite de s\u00e9samo 70% s\u00e9samo 30% soja es un producto saludable y delicioso que se puede usar en una variedad de platos.\u00a0Est\u00e1 hecho con una<span class=\"excerpt-hellip\"> [\u2026]<\/span><\/p>\n","protected":false},"featured_media":178579,"comment_status":"open","ping_status":"closed","template":"","meta":[],"product_cat":[8466,8391],"product_tag":[],"_links":{"self":[{"href":"https:\/\/www.laperlavalles.cat\/es\/wp-json\/wp\/v2\/product\/178595"}],"collection":[{"href":"https:\/\/www.laperlavalles.cat\/es\/wp-json\/wp\/v2\/product"}],"about":[{"href":"https:\/\/www.laperlavalles.cat\/es\/wp-json\/wp\/v2\/types\/product"}],"replies":[{"embeddable":true,"href":"https:\/\/www.laperlavalles.cat\/es\/wp-json\/wp\/v2\/comments?post=178595"}],"wp:featuredmedia":[{"embeddable":true,"href":"https:\/\/www.laperlavalles.cat\/es\/wp-json\/wp\/v2\/media\/178579"}],"wp:attachment":[{"href":"https:\/\/www.laperlavalles.cat\/es\/wp-json\/wp\/v2\/media?parent=178595"}],"wp:term":[{"taxonomy":"product_cat","embeddable":true,"href":"https:\/\/www.laperlavalles.cat\/es\/wp-json\/wp\/v2\/product_cat?post=178595"},{"taxonomy":"product_tag","embeddable":true,"href":"https:\/\/www.laperlavalles.cat\/es\/wp-json\/wp\/v2\/product_tag?post=178595"}],"curies":[{"name":"wp","href":"https:\/\/api.w.org\/{rel}","templated":true}]}}