{"id":179636,"date":"2024-12-18T08:50:29","date_gmt":"2024-12-18T07:50:41","guid":{"rendered":"https:\/\/www.laperlavalles.cat\/product\/fideos-wonton-200g-balikitchen\/"},"modified":"2025-04-22T16:12:00","modified_gmt":"2025-04-22T14:12:00","slug":"fideos-wonton-200g-balikitchen","status":"publish","type":"product","link":"https:\/\/www.laperlavalles.cat\/es\/product\/fideos-wonton-200g-balikitchen\/","title":{"rendered":"Fideos Wonton 200g BaliKitchen"},"content":{"rendered":"<p>Fideos secados al aire. Sin aromas, colorantes ni conservantes artificiales y sin glutamato monos\u00f3dico. Instrucciones de cocci\u00f3n: Cocer los fideos en agua hirviendo durante unos 3 minutos. A continuaci\u00f3n, aclarar en agua corriente fr\u00eda o mezclar 1\/2 cucharada de aceite vegetal.<\/p>\n","protected":false},"excerpt":{"rendered":"<p>Fideos secados al aire. Sin aromas, colorantes ni conservantes artificiales y sin glutamato monos\u00f3dico. Instrucciones de cocci\u00f3n: Cocer los fideos en agua hirviendo durante unos 3<span class=\"excerpt-hellip\"> [\u2026]<\/span><\/p>\n","protected":false},"featured_media":179625,"comment_status":"open","ping_status":"closed","template":"","meta":[],"product_cat":[10618],"product_tag":[],"_links":{"self":[{"href":"https:\/\/www.laperlavalles.cat\/es\/wp-json\/wp\/v2\/product\/179636"}],"collection":[{"href":"https:\/\/www.laperlavalles.cat\/es\/wp-json\/wp\/v2\/product"}],"about":[{"href":"https:\/\/www.laperlavalles.cat\/es\/wp-json\/wp\/v2\/types\/product"}],"replies":[{"embeddable":true,"href":"https:\/\/www.laperlavalles.cat\/es\/wp-json\/wp\/v2\/comments?post=179636"}],"wp:featuredmedia":[{"embeddable":true,"href":"https:\/\/www.laperlavalles.cat\/es\/wp-json\/wp\/v2\/media\/179625"}],"wp:attachment":[{"href":"https:\/\/www.laperlavalles.cat\/es\/wp-json\/wp\/v2\/media?parent=179636"}],"wp:term":[{"taxonomy":"product_cat","embeddable":true,"href":"https:\/\/www.laperlavalles.cat\/es\/wp-json\/wp\/v2\/product_cat?post=179636"},{"taxonomy":"product_tag","embeddable":true,"href":"https:\/\/www.laperlavalles.cat\/es\/wp-json\/wp\/v2\/product_tag?post=179636"}],"curies":[{"name":"wp","href":"https:\/\/api.w.org\/{rel}","templated":true}]}}