{"id":179696,"date":"2024-12-18T08:53:06","date_gmt":"2024-12-18T07:53:17","guid":{"rendered":"https:\/\/www.laperlavalles.cat\/product\/fideos-vegetables-200g-balikitchen\/"},"modified":"2026-04-09T15:22:58","modified_gmt":"2026-04-09T13:22:58","slug":"fideos-vegetables-200g-balikitchen","status":"publish","type":"product","link":"https:\/\/www.laperlavalles.cat\/es\/product\/fideos-vegetables-200g-balikitchen\/","title":{"rendered":"Fideos Vegetables 200g BaliKitchen"},"content":{"rendered":"<p>Aquests deliciosos fideus, rics en verdures, s\u00f3n l&#8217;acompanyament perfecte per als seus plats sans i saborosos. Ideals per a un menjar r\u00e0pid, un tentempi\u00e9 lleuger o com a base per a les seves creatives creacions culin\u00e0ries.<\/p>\n","protected":false},"excerpt":{"rendered":"<p>Aquests deliciosos fideus, rics en verdures, s\u00f3n l&#8217;acompanyament perfecte per als seus plats sans i saborosos. Ideals per a un menjar r\u00e0pid, un tentempi\u00e9 lleuger o<span class=\"excerpt-hellip\"> [\u2026]<\/span><\/p>\n","protected":false},"featured_media":179685,"comment_status":"open","ping_status":"closed","template":"","meta":[],"product_cat":[10618],"product_tag":[],"_links":{"self":[{"href":"https:\/\/www.laperlavalles.cat\/es\/wp-json\/wp\/v2\/product\/179696"}],"collection":[{"href":"https:\/\/www.laperlavalles.cat\/es\/wp-json\/wp\/v2\/product"}],"about":[{"href":"https:\/\/www.laperlavalles.cat\/es\/wp-json\/wp\/v2\/types\/product"}],"replies":[{"embeddable":true,"href":"https:\/\/www.laperlavalles.cat\/es\/wp-json\/wp\/v2\/comments?post=179696"}],"wp:featuredmedia":[{"embeddable":true,"href":"https:\/\/www.laperlavalles.cat\/es\/wp-json\/wp\/v2\/media\/179685"}],"wp:attachment":[{"href":"https:\/\/www.laperlavalles.cat\/es\/wp-json\/wp\/v2\/media?parent=179696"}],"wp:term":[{"taxonomy":"product_cat","embeddable":true,"href":"https:\/\/www.laperlavalles.cat\/es\/wp-json\/wp\/v2\/product_cat?post=179696"},{"taxonomy":"product_tag","embeddable":true,"href":"https:\/\/www.laperlavalles.cat\/es\/wp-json\/wp\/v2\/product_tag?post=179696"}],"curies":[{"name":"wp","href":"https:\/\/api.w.org\/{rel}","templated":true}]}}