{"id":179891,"date":"2024-12-18T09:10:32","date_gmt":"2024-12-18T08:10:43","guid":{"rendered":"https:\/\/www.laperlavalles.cat\/product\/mezcla-de-condimentos-para-el-arroz-frito-nasi-goreng-50g-balikitchen\/"},"modified":"2025-04-22T15:11:51","modified_gmt":"2025-04-22T13:11:51","slug":"mezcla-de-condimentos-para-el-arroz-frito-nasi-goreng-50g-balikitchen","status":"publish","type":"product","link":"https:\/\/www.laperlavalles.cat\/es\/product\/mezcla-de-condimentos-para-el-arroz-frito-nasi-goreng-50g-balikitchen\/","title":{"rendered":"Mezcla de condimentos para el arroz frito Nasi Goreng 50g BaliKitchen"},"content":{"rendered":"<p>Calentar el aceite en una sart\u00e9n. A\u00f1adir las verduras, el pescado, el marisco y remover hasta que est\u00e9n cocidos. A\u00f1adir el arroz cocido y la pasta sazonadora y remover bien. Servir inmediatamente.<\/p>\n","protected":false},"excerpt":{"rendered":"<p>Calentar el aceite en una sart\u00e9n. A\u00f1adir las verduras, el pescado, el marisco y remover hasta que est\u00e9n cocidos. A\u00f1adir el arroz cocido y la pasta<span class=\"excerpt-hellip\"> [\u2026]<\/span><\/p>\n","protected":false},"featured_media":179880,"comment_status":"open","ping_status":"closed","template":"","meta":[],"product_cat":[8466,8391],"product_tag":[],"_links":{"self":[{"href":"https:\/\/www.laperlavalles.cat\/es\/wp-json\/wp\/v2\/product\/179891"}],"collection":[{"href":"https:\/\/www.laperlavalles.cat\/es\/wp-json\/wp\/v2\/product"}],"about":[{"href":"https:\/\/www.laperlavalles.cat\/es\/wp-json\/wp\/v2\/types\/product"}],"replies":[{"embeddable":true,"href":"https:\/\/www.laperlavalles.cat\/es\/wp-json\/wp\/v2\/comments?post=179891"}],"wp:featuredmedia":[{"embeddable":true,"href":"https:\/\/www.laperlavalles.cat\/es\/wp-json\/wp\/v2\/media\/179880"}],"wp:attachment":[{"href":"https:\/\/www.laperlavalles.cat\/es\/wp-json\/wp\/v2\/media?parent=179891"}],"wp:term":[{"taxonomy":"product_cat","embeddable":true,"href":"https:\/\/www.laperlavalles.cat\/es\/wp-json\/wp\/v2\/product_cat?post=179891"},{"taxonomy":"product_tag","embeddable":true,"href":"https:\/\/www.laperlavalles.cat\/es\/wp-json\/wp\/v2\/product_tag?post=179891"}],"curies":[{"name":"wp","href":"https:\/\/api.w.org\/{rel}","templated":true}]}}