{"id":180356,"date":"2024-12-18T09:40:41","date_gmt":"2024-12-18T08:40:48","guid":{"rendered":"https:\/\/www.laperlavalles.cat\/product\/salsa-de-sesamo-tostado-goma-dressing-15l-beary\/"},"modified":"2025-01-07T12:40:29","modified_gmt":"2025-01-07T11:40:29","slug":"salsa-de-sesamo-tostado-goma-dressing-15l-beary","status":"publish","type":"product","link":"https:\/\/www.laperlavalles.cat\/es\/product\/salsa-de-sesamo-tostado-goma-dressing-15l-beary\/","title":{"rendered":"Salsa de s\u00e9samo tostado Goma dressing 1,5L Beary"},"content":{"rendered":"<p>Esta salsa est\u00e1 hecha con aceite de s\u00e9samo,\u00a0salsa de soja,\u00a0vinagre de arroz,\u00a0az\u00facar y otros condimentos.\u00a0Es un buen complemento para ensaladas,\u00a0wraps y rollitos de primavera.<\/p>\n","protected":false},"excerpt":{"rendered":"<p>Esta salsa est\u00e1 hecha con aceite de s\u00e9samo,\u00a0salsa de soja,\u00a0vinagre de arroz,\u00a0az\u00facar y otros condimentos.\u00a0Es un buen complemento para ensaladas,\u00a0wraps y rollitos de primavera.<\/p>\n","protected":false},"featured_media":180339,"comment_status":"open","ping_status":"closed","template":"","meta":[],"product_cat":[8466,8391],"product_tag":[],"_links":{"self":[{"href":"https:\/\/www.laperlavalles.cat\/es\/wp-json\/wp\/v2\/product\/180356"}],"collection":[{"href":"https:\/\/www.laperlavalles.cat\/es\/wp-json\/wp\/v2\/product"}],"about":[{"href":"https:\/\/www.laperlavalles.cat\/es\/wp-json\/wp\/v2\/types\/product"}],"replies":[{"embeddable":true,"href":"https:\/\/www.laperlavalles.cat\/es\/wp-json\/wp\/v2\/comments?post=180356"}],"wp:featuredmedia":[{"embeddable":true,"href":"https:\/\/www.laperlavalles.cat\/es\/wp-json\/wp\/v2\/media\/180339"}],"wp:attachment":[{"href":"https:\/\/www.laperlavalles.cat\/es\/wp-json\/wp\/v2\/media?parent=180356"}],"wp:term":[{"taxonomy":"product_cat","embeddable":true,"href":"https:\/\/www.laperlavalles.cat\/es\/wp-json\/wp\/v2\/product_cat?post=180356"},{"taxonomy":"product_tag","embeddable":true,"href":"https:\/\/www.laperlavalles.cat\/es\/wp-json\/wp\/v2\/product_tag?post=180356"}],"curies":[{"name":"wp","href":"https:\/\/api.w.org\/{rel}","templated":true}]}}