{"id":180496,"date":"2024-12-18T09:49:27","date_gmt":"2024-12-18T08:49:27","guid":{"rendered":"https:\/\/www.laperlavalles.cat\/product\/salsa-de-sesamo-tostado-goma-dressing-15l-beary-3\/"},"modified":"2024-12-18T09:49:27","modified_gmt":"2024-12-18T08:49:27","slug":"salsa-de-sesamo-tostado-goma-dressing-15l-beary-3","status":"publish","type":"product","link":"https:\/\/www.laperlavalles.cat\/es\/product\/salsa-de-sesamo-tostado-goma-dressing-15l-beary-3\/","title":{"rendered":"Salsa de s\u00e9samo tostado Goma dressing 1,5L Beary"},"content":{"rendered":"<p>Esta salsa est\u00e1 hecha con aceite de s\u00e9samo,\u00a0salsa de soja,\u00a0vinagre de arroz,\u00a0az\u00facar y otros condimentos.\u00a0Es un buen complemento para ensaladas,\u00a0wraps y rollitos de primavera.<\/p>\n","protected":false},"excerpt":{"rendered":"<p>Esta salsa est\u00e1 hecha con aceite de s\u00e9samo,\u00a0salsa de soja,\u00a0vinagre de arroz,\u00a0az\u00facar y otros condimentos.\u00a0Es un buen complemento para ensaladas,\u00a0wraps y rollitos de primavera.<\/p>\n","protected":false},"featured_media":180492,"comment_status":"open","ping_status":"closed","template":"","meta":[],"product_cat":[36],"product_tag":[],"_links":{"self":[{"href":"https:\/\/www.laperlavalles.cat\/es\/wp-json\/wp\/v2\/product\/180496"}],"collection":[{"href":"https:\/\/www.laperlavalles.cat\/es\/wp-json\/wp\/v2\/product"}],"about":[{"href":"https:\/\/www.laperlavalles.cat\/es\/wp-json\/wp\/v2\/types\/product"}],"replies":[{"embeddable":true,"href":"https:\/\/www.laperlavalles.cat\/es\/wp-json\/wp\/v2\/comments?post=180496"}],"wp:featuredmedia":[{"embeddable":true,"href":"https:\/\/www.laperlavalles.cat\/es\/wp-json\/wp\/v2\/media\/180492"}],"wp:attachment":[{"href":"https:\/\/www.laperlavalles.cat\/es\/wp-json\/wp\/v2\/media?parent=180496"}],"wp:term":[{"taxonomy":"product_cat","embeddable":true,"href":"https:\/\/www.laperlavalles.cat\/es\/wp-json\/wp\/v2\/product_cat?post=180496"},{"taxonomy":"product_tag","embeddable":true,"href":"https:\/\/www.laperlavalles.cat\/es\/wp-json\/wp\/v2\/product_tag?post=180496"}],"curies":[{"name":"wp","href":"https:\/\/api.w.org\/{rel}","templated":true}]}}