{"id":180671,"date":"2024-12-18T10:01:43","date_gmt":"2024-12-18T09:01:43","guid":{"rendered":"https:\/\/www.laperlavalles.cat\/product\/mezcla-de-banku-9-kg-plastico-king-africa-2\/"},"modified":"2024-12-18T10:01:43","modified_gmt":"2024-12-18T09:01:43","slug":"mezcla-de-banku-9-kg-plastico-king-africa-2","status":"publish","type":"product","link":"https:\/\/www.laperlavalles.cat\/es\/product\/mezcla-de-banku-9-kg-plastico-king-africa-2\/","title":{"rendered":"Mezcla de Banku 9 kg (Pl\u00e1stico) (King Africa)"},"content":{"rendered":"<p>El Mezcla de Banku es una mezcla de harina de ma\u00edz y arroz, utilizada para preparar un plato t\u00edpico de Ghana. Este producto se presenta en un envase de 9 kg, ideal para uso dom\u00e9stico o profesional.<\/p>\n","protected":false},"excerpt":{"rendered":"<p>El Mezcla de Banku es una mezcla de harina de ma\u00edz y arroz, utilizada para preparar un plato t\u00edpico de Ghana. Este producto se presenta en<span class=\"excerpt-hellip\"> [\u2026]<\/span><\/p>\n","protected":false},"featured_media":180667,"comment_status":"open","ping_status":"closed","template":"","meta":[],"product_cat":[36],"product_tag":[],"_links":{"self":[{"href":"https:\/\/www.laperlavalles.cat\/es\/wp-json\/wp\/v2\/product\/180671"}],"collection":[{"href":"https:\/\/www.laperlavalles.cat\/es\/wp-json\/wp\/v2\/product"}],"about":[{"href":"https:\/\/www.laperlavalles.cat\/es\/wp-json\/wp\/v2\/types\/product"}],"replies":[{"embeddable":true,"href":"https:\/\/www.laperlavalles.cat\/es\/wp-json\/wp\/v2\/comments?post=180671"}],"wp:featuredmedia":[{"embeddable":true,"href":"https:\/\/www.laperlavalles.cat\/es\/wp-json\/wp\/v2\/media\/180667"}],"wp:attachment":[{"href":"https:\/\/www.laperlavalles.cat\/es\/wp-json\/wp\/v2\/media?parent=180671"}],"wp:term":[{"taxonomy":"product_cat","embeddable":true,"href":"https:\/\/www.laperlavalles.cat\/es\/wp-json\/wp\/v2\/product_cat?post=180671"},{"taxonomy":"product_tag","embeddable":true,"href":"https:\/\/www.laperlavalles.cat\/es\/wp-json\/wp\/v2\/product_tag?post=180671"}],"curies":[{"name":"wp","href":"https:\/\/api.w.org\/{rel}","templated":true}]}}