{"id":180686,"date":"2024-12-18T10:02:42","date_gmt":"2024-12-18T09:02:42","guid":{"rendered":"https:\/\/www.laperlavalles.cat\/product\/mezcla-de-banku-9-kg-plastico-king-africa-3\/"},"modified":"2024-12-18T10:02:42","modified_gmt":"2024-12-18T09:02:42","slug":"mezcla-de-banku-9-kg-plastico-king-africa-3","status":"publish","type":"product","link":"https:\/\/www.laperlavalles.cat\/es\/product\/mezcla-de-banku-9-kg-plastico-king-africa-3\/","title":{"rendered":"Mezcla de Banku 9 kg (Pl\u00e1stico) (King Africa)"},"content":{"rendered":"<p>El Mezcla de Banku es una mezcla de harina de ma\u00edz y arroz, utilizada para preparar un plato t\u00edpico de Ghana. Este producto se presenta en un envase de 9 kg, ideal para uso dom\u00e9stico o profesional.<\/p>\n","protected":false},"excerpt":{"rendered":"<p>El Mezcla de Banku es una mezcla de harina de ma\u00edz y arroz, utilizada para preparar un plato t\u00edpico de Ghana. Este producto se presenta en<span class=\"excerpt-hellip\"> [\u2026]<\/span><\/p>\n","protected":false},"featured_media":180682,"comment_status":"open","ping_status":"closed","template":"","meta":[],"product_cat":[36],"product_tag":[],"_links":{"self":[{"href":"https:\/\/www.laperlavalles.cat\/es\/wp-json\/wp\/v2\/product\/180686"}],"collection":[{"href":"https:\/\/www.laperlavalles.cat\/es\/wp-json\/wp\/v2\/product"}],"about":[{"href":"https:\/\/www.laperlavalles.cat\/es\/wp-json\/wp\/v2\/types\/product"}],"replies":[{"embeddable":true,"href":"https:\/\/www.laperlavalles.cat\/es\/wp-json\/wp\/v2\/comments?post=180686"}],"wp:featuredmedia":[{"embeddable":true,"href":"https:\/\/www.laperlavalles.cat\/es\/wp-json\/wp\/v2\/media\/180682"}],"wp:attachment":[{"href":"https:\/\/www.laperlavalles.cat\/es\/wp-json\/wp\/v2\/media?parent=180686"}],"wp:term":[{"taxonomy":"product_cat","embeddable":true,"href":"https:\/\/www.laperlavalles.cat\/es\/wp-json\/wp\/v2\/product_cat?post=180686"},{"taxonomy":"product_tag","embeddable":true,"href":"https:\/\/www.laperlavalles.cat\/es\/wp-json\/wp\/v2\/product_tag?post=180686"}],"curies":[{"name":"wp","href":"https:\/\/api.w.org\/{rel}","templated":true}]}}