{"id":181016,"date":"2024-12-18T10:19:19","date_gmt":"2024-12-18T09:19:19","guid":{"rendered":"https:\/\/www.laperlavalles.cat\/product\/attieke-cuscus-fresco-al-vacio-200g-choco-5\/"},"modified":"2024-12-18T10:19:19","modified_gmt":"2024-12-18T09:19:19","slug":"attieke-cuscus-fresco-al-vacio-200g-choco-5","status":"publish","type":"product","link":"https:\/\/www.laperlavalles.cat\/es\/product\/attieke-cuscus-fresco-al-vacio-200g-choco-5\/","title":{"rendered":"Attieke \/ Cusc\u00fas fresco al vac\u00edo 200g Choco"},"content":{"rendered":"<p>El Attieke fresco al vac\u00edo Choco es un producto tradicional hecho con mandioca, presentado en un formato fresco y al vac\u00edo para conservar su calidad. Ideal para preparar platos r\u00e1pidos, guisos o ensaladas.<\/p>\n","protected":false},"excerpt":{"rendered":"<p>El Attieke fresco al vac\u00edo Choco es un producto tradicional hecho con mandioca, presentado en un formato fresco y al vac\u00edo para conservar su calidad. Ideal<span class=\"excerpt-hellip\"> [\u2026]<\/span><\/p>\n","protected":false},"featured_media":181012,"comment_status":"open","ping_status":"closed","template":"","meta":[],"product_cat":[36],"product_tag":[],"_links":{"self":[{"href":"https:\/\/www.laperlavalles.cat\/es\/wp-json\/wp\/v2\/product\/181016"}],"collection":[{"href":"https:\/\/www.laperlavalles.cat\/es\/wp-json\/wp\/v2\/product"}],"about":[{"href":"https:\/\/www.laperlavalles.cat\/es\/wp-json\/wp\/v2\/types\/product"}],"replies":[{"embeddable":true,"href":"https:\/\/www.laperlavalles.cat\/es\/wp-json\/wp\/v2\/comments?post=181016"}],"wp:featuredmedia":[{"embeddable":true,"href":"https:\/\/www.laperlavalles.cat\/es\/wp-json\/wp\/v2\/media\/181012"}],"wp:attachment":[{"href":"https:\/\/www.laperlavalles.cat\/es\/wp-json\/wp\/v2\/media?parent=181016"}],"wp:term":[{"taxonomy":"product_cat","embeddable":true,"href":"https:\/\/www.laperlavalles.cat\/es\/wp-json\/wp\/v2\/product_cat?post=181016"},{"taxonomy":"product_tag","embeddable":true,"href":"https:\/\/www.laperlavalles.cat\/es\/wp-json\/wp\/v2\/product_tag?post=181016"}],"curies":[{"name":"wp","href":"https:\/\/api.w.org\/{rel}","templated":true}]}}