{"id":181141,"date":"2024-12-18T10:25:55","date_gmt":"2024-12-18T09:25:55","guid":{"rendered":"https:\/\/www.laperlavalles.cat\/product\/tamarindo-fresco-agrio-natcha-6\/"},"modified":"2024-12-18T10:25:55","modified_gmt":"2024-12-18T09:25:55","slug":"tamarindo-fresco-agrio-natcha-6","status":"publish","type":"product","link":"https:\/\/www.laperlavalles.cat\/es\/product\/tamarindo-fresco-agrio-natcha-6\/","title":{"rendered":"Tamarindo Fresco Agrio Natcha"},"content":{"rendered":"<p>El Tamarindo Fresco Agrio es el fruto del tamarindo en su estado natural, con un sabor caracter\u00edstico \u00e1cido y ligeramente dulce. Este tamarindo fresco es perfecto para preparar salsas, jugos, o a\u00f1adir a platos tradicionales como curris o ensaladas. Tambi\u00e9n se puede utilizar en la preparaci\u00f3n de postres y bebidas para dar un toque ex\u00f3tico y refrescante.<\/p>\n","protected":false},"excerpt":{"rendered":"<p>El Tamarindo Fresco Agrio es el fruto del tamarindo en su estado natural, con un sabor caracter\u00edstico \u00e1cido y ligeramente dulce. Este tamarindo fresco es perfecto<span class=\"excerpt-hellip\"> [\u2026]<\/span><\/p>\n","protected":false},"featured_media":181137,"comment_status":"open","ping_status":"closed","template":"","meta":[],"product_cat":[36],"product_tag":[],"_links":{"self":[{"href":"https:\/\/www.laperlavalles.cat\/es\/wp-json\/wp\/v2\/product\/181141"}],"collection":[{"href":"https:\/\/www.laperlavalles.cat\/es\/wp-json\/wp\/v2\/product"}],"about":[{"href":"https:\/\/www.laperlavalles.cat\/es\/wp-json\/wp\/v2\/types\/product"}],"replies":[{"embeddable":true,"href":"https:\/\/www.laperlavalles.cat\/es\/wp-json\/wp\/v2\/comments?post=181141"}],"wp:featuredmedia":[{"embeddable":true,"href":"https:\/\/www.laperlavalles.cat\/es\/wp-json\/wp\/v2\/media\/181137"}],"wp:attachment":[{"href":"https:\/\/www.laperlavalles.cat\/es\/wp-json\/wp\/v2\/media?parent=181141"}],"wp:term":[{"taxonomy":"product_cat","embeddable":true,"href":"https:\/\/www.laperlavalles.cat\/es\/wp-json\/wp\/v2\/product_cat?post=181141"},{"taxonomy":"product_tag","embeddable":true,"href":"https:\/\/www.laperlavalles.cat\/es\/wp-json\/wp\/v2\/product_tag?post=181141"}],"curies":[{"name":"wp","href":"https:\/\/api.w.org\/{rel}","templated":true}]}}