{"id":181944,"date":"2025-02-28T08:52:00","date_gmt":"2025-02-28T07:52:13","guid":{"rendered":"https:\/\/www.laperlavalles.cat\/product\/bebida-de-zumo-de-naranja-con-nata-de-coco-coco-queen-320ml\/"},"modified":"2025-02-28T09:34:01","modified_gmt":"2025-02-28T08:34:01","slug":"bebida-de-zumo-de-naranja-con-nata-de-coco-coco-queen-320ml","status":"publish","type":"product","link":"https:\/\/www.laperlavalles.cat\/es\/product\/bebida-de-zumo-de-naranja-con-nata-de-coco-coco-queen-320ml\/","title":{"rendered":"BEBIDA DE ZUMO DE NARANJA CON NATA DE COCO COCO QUEEN 320ML"},"content":{"rendered":"<p>Coco Queen es una bebida que consiste en agua, jugo de frutas y nata de coco . La nata de coco se produce mediante la fermentaci\u00f3n del agua de coco, peque\u00f1os cubos de jugo de coco, que le da un aspecto gelatinoso y transl\u00facido. Perfecta para refrescarte y disfrutar!<\/p>\n","protected":false},"excerpt":{"rendered":"<p>Coco Queen es una bebida que consiste en agua, jugo de frutas y nata de coco . La nata de coco se produce mediante la fermentaci\u00f3n<span class=\"excerpt-hellip\"> [\u2026]<\/span><\/p>\n","protected":false},"featured_media":181933,"comment_status":"open","ping_status":"closed","template":"","meta":[],"product_cat":[8385,9205],"product_tag":[],"_links":{"self":[{"href":"https:\/\/www.laperlavalles.cat\/es\/wp-json\/wp\/v2\/product\/181944"}],"collection":[{"href":"https:\/\/www.laperlavalles.cat\/es\/wp-json\/wp\/v2\/product"}],"about":[{"href":"https:\/\/www.laperlavalles.cat\/es\/wp-json\/wp\/v2\/types\/product"}],"replies":[{"embeddable":true,"href":"https:\/\/www.laperlavalles.cat\/es\/wp-json\/wp\/v2\/comments?post=181944"}],"wp:featuredmedia":[{"embeddable":true,"href":"https:\/\/www.laperlavalles.cat\/es\/wp-json\/wp\/v2\/media\/181933"}],"wp:attachment":[{"href":"https:\/\/www.laperlavalles.cat\/es\/wp-json\/wp\/v2\/media?parent=181944"}],"wp:term":[{"taxonomy":"product_cat","embeddable":true,"href":"https:\/\/www.laperlavalles.cat\/es\/wp-json\/wp\/v2\/product_cat?post=181944"},{"taxonomy":"product_tag","embeddable":true,"href":"https:\/\/www.laperlavalles.cat\/es\/wp-json\/wp\/v2\/product_tag?post=181944"}],"curies":[{"name":"wp","href":"https:\/\/api.w.org\/{rel}","templated":true}]}}