{"id":181984,"date":"2025-02-28T09:02:08","date_gmt":"2025-02-28T08:02:19","guid":{"rendered":"https:\/\/www.laperlavalles.cat\/product\/zumo-de-lima-limasol-1l\/"},"modified":"2025-02-28T17:10:26","modified_gmt":"2025-02-28T16:10:26","slug":"zumo-de-lima-limasol-1l","status":"publish","type":"product","link":"https:\/\/www.laperlavalles.cat\/es\/product\/zumo-de-lima-limasol-1l\/","title":{"rendered":"ZUMO DE LIMA LIMASOL 1L"},"content":{"rendered":"<p>Espa\u00f1ol: El zumo de lima Limasol es un zumo natural obtenido de la primera extracci\u00f3n en fr\u00edo de la lima. Es un zumo de lima 100% natural para la elaboraci\u00f3n culinaria. La Perla distribuye todo tipo de salsas para supermercados, tiendas, mayoristas, restaurantes y distribuidores del canal horeca&#8230;<\/p>\n","protected":false},"excerpt":{"rendered":"<p>Espa\u00f1ol: El zumo de lima Limasol es un zumo natural obtenido de la primera extracci\u00f3n en fr\u00edo de la lima. Es un zumo de lima 100%<span class=\"excerpt-hellip\"> [\u2026]<\/span><\/p>\n","protected":false},"featured_media":181973,"comment_status":"open","ping_status":"closed","template":"","meta":[],"product_cat":[10618],"product_tag":[],"_links":{"self":[{"href":"https:\/\/www.laperlavalles.cat\/es\/wp-json\/wp\/v2\/product\/181984"}],"collection":[{"href":"https:\/\/www.laperlavalles.cat\/es\/wp-json\/wp\/v2\/product"}],"about":[{"href":"https:\/\/www.laperlavalles.cat\/es\/wp-json\/wp\/v2\/types\/product"}],"replies":[{"embeddable":true,"href":"https:\/\/www.laperlavalles.cat\/es\/wp-json\/wp\/v2\/comments?post=181984"}],"wp:featuredmedia":[{"embeddable":true,"href":"https:\/\/www.laperlavalles.cat\/es\/wp-json\/wp\/v2\/media\/181973"}],"wp:attachment":[{"href":"https:\/\/www.laperlavalles.cat\/es\/wp-json\/wp\/v2\/media?parent=181984"}],"wp:term":[{"taxonomy":"product_cat","embeddable":true,"href":"https:\/\/www.laperlavalles.cat\/es\/wp-json\/wp\/v2\/product_cat?post=181984"},{"taxonomy":"product_tag","embeddable":true,"href":"https:\/\/www.laperlavalles.cat\/es\/wp-json\/wp\/v2\/product_tag?post=181984"}],"curies":[{"name":"wp","href":"https:\/\/api.w.org\/{rel}","templated":true}]}}