{"id":182114,"date":"2025-02-28T09:30:37","date_gmt":"2025-02-28T08:30:50","guid":{"rendered":"https:\/\/www.laperlavalles.cat\/product\/panga-en-rodajas-4kg\/"},"modified":"2025-07-03T12:12:09","modified_gmt":"2025-07-03T10:12:09","slug":"panga-en-rodajas-4kg","status":"publish","type":"product","link":"https:\/\/www.laperlavalles.cat\/es\/product\/panga-en-rodajas-4kg\/","title":{"rendered":"Panga en rodajas 4kg"},"content":{"rendered":"<p>(Pangasius) Pescado de agua dulce con carne tierna y un sabor suave. Se presenta en bolsa para facilitar su conservaci\u00f3n y manipulaci\u00f3n. Ideal para su cocci\u00f3n al horno, a la plancha o en guisos.<\/p>\n","protected":false},"excerpt":{"rendered":"<p>(Pangasius) Pescado de agua dulce con carne tierna y un sabor suave. Se presenta en bolsa para facilitar su conservaci\u00f3n y manipulaci\u00f3n. Ideal para su cocci\u00f3n<span class=\"excerpt-hellip\"> [\u2026]<\/span><\/p>\n","protected":false},"featured_media":182103,"comment_status":"open","ping_status":"closed","template":"","meta":[],"product_cat":[8401,8497],"product_tag":[],"_links":{"self":[{"href":"https:\/\/www.laperlavalles.cat\/es\/wp-json\/wp\/v2\/product\/182114"}],"collection":[{"href":"https:\/\/www.laperlavalles.cat\/es\/wp-json\/wp\/v2\/product"}],"about":[{"href":"https:\/\/www.laperlavalles.cat\/es\/wp-json\/wp\/v2\/types\/product"}],"replies":[{"embeddable":true,"href":"https:\/\/www.laperlavalles.cat\/es\/wp-json\/wp\/v2\/comments?post=182114"}],"wp:featuredmedia":[{"embeddable":true,"href":"https:\/\/www.laperlavalles.cat\/es\/wp-json\/wp\/v2\/media\/182103"}],"wp:attachment":[{"href":"https:\/\/www.laperlavalles.cat\/es\/wp-json\/wp\/v2\/media?parent=182114"}],"wp:term":[{"taxonomy":"product_cat","embeddable":true,"href":"https:\/\/www.laperlavalles.cat\/es\/wp-json\/wp\/v2\/product_cat?post=182114"},{"taxonomy":"product_tag","embeddable":true,"href":"https:\/\/www.laperlavalles.cat\/es\/wp-json\/wp\/v2\/product_tag?post=182114"}],"curies":[{"name":"wp","href":"https:\/\/api.w.org\/{rel}","templated":true}]}}