{"id":182249,"date":"2025-02-28T09:50:36","date_gmt":"2025-02-28T08:50:49","guid":{"rendered":"https:\/\/www.laperlavalles.cat\/product\/fitne-original-infusion-de-hierbas\/"},"modified":"2025-02-28T10:21:50","modified_gmt":"2025-02-28T09:21:50","slug":"fitne-original-infusion-de-hierbas","status":"publish","type":"product","link":"https:\/\/www.laperlavalles.cat\/es\/product\/fitne-original-infusion-de-hierbas\/","title":{"rendered":"Fitn\u00e8 Original Infusi\u00f3n de hierbas"},"content":{"rendered":"<p>Fitn\u00e8 Original Herbal Infusion es una infusi\u00f3n de hierbas a base de hojas y vainas de senna. Es un laxante natural suave que ayuda a limpiar el tracto digestivo y promover la regularidad intestinal. La infusi\u00f3n tambi\u00e9n se puede utilizar para ayudar a aliviar el estre\u00f1imiento, la hinchaz\u00f3n y el gas.<\/p>\n","protected":false},"excerpt":{"rendered":"<p>Fitn\u00e8 Original Herbal Infusion es una infusi\u00f3n de hierbas a base de hojas y vainas de senna. Es un laxante natural suave que ayuda a limpiar<span class=\"excerpt-hellip\"> [\u2026]<\/span><\/p>\n","protected":false},"featured_media":182238,"comment_status":"open","ping_status":"closed","template":"","meta":[],"product_cat":[8386,8487],"product_tag":[],"_links":{"self":[{"href":"https:\/\/www.laperlavalles.cat\/es\/wp-json\/wp\/v2\/product\/182249"}],"collection":[{"href":"https:\/\/www.laperlavalles.cat\/es\/wp-json\/wp\/v2\/product"}],"about":[{"href":"https:\/\/www.laperlavalles.cat\/es\/wp-json\/wp\/v2\/types\/product"}],"replies":[{"embeddable":true,"href":"https:\/\/www.laperlavalles.cat\/es\/wp-json\/wp\/v2\/comments?post=182249"}],"wp:featuredmedia":[{"embeddable":true,"href":"https:\/\/www.laperlavalles.cat\/es\/wp-json\/wp\/v2\/media\/182238"}],"wp:attachment":[{"href":"https:\/\/www.laperlavalles.cat\/es\/wp-json\/wp\/v2\/media?parent=182249"}],"wp:term":[{"taxonomy":"product_cat","embeddable":true,"href":"https:\/\/www.laperlavalles.cat\/es\/wp-json\/wp\/v2\/product_cat?post=182249"},{"taxonomy":"product_tag","embeddable":true,"href":"https:\/\/www.laperlavalles.cat\/es\/wp-json\/wp\/v2\/product_tag?post=182249"}],"curies":[{"name":"wp","href":"https:\/\/api.w.org\/{rel}","templated":true}]}}