{"id":182269,"date":"2025-02-28T09:52:00","date_gmt":"2025-02-28T08:52:13","guid":{"rendered":"https:\/\/www.laperlavalles.cat\/product\/fitne-infusion-de-te-verde\/"},"modified":"2025-02-28T10:23:13","modified_gmt":"2025-02-28T09:23:13","slug":"fitne-infusion-de-te-verde","status":"publish","type":"product","link":"https:\/\/www.laperlavalles.cat\/es\/product\/fitne-infusion-de-te-verde\/","title":{"rendered":"Fitn\u00e8 Infusi\u00f3n de t\u00e9 verde"},"content":{"rendered":"<p>Fitn\u00e8 Infusi\u00f3n de T\u00e9 Verde es una infusi\u00f3n de hierbas a base de hojas de t\u00e9 verde, hojas de senna y Garcinia atroviridis. Es un producto natural que ayuda a la p\u00e9rdida de peso, a la vez que proporciona otros beneficios para la salud.<\/p>\n","protected":false},"excerpt":{"rendered":"<p>Fitn\u00e8 Infusi\u00f3n de T\u00e9 Verde es una infusi\u00f3n de hierbas a base de hojas de t\u00e9 verde, hojas de senna y Garcinia atroviridis. Es un producto<span class=\"excerpt-hellip\"> [\u2026]<\/span><\/p>\n","protected":false},"featured_media":182258,"comment_status":"open","ping_status":"closed","template":"","meta":[],"product_cat":[8386,8487],"product_tag":[],"_links":{"self":[{"href":"https:\/\/www.laperlavalles.cat\/es\/wp-json\/wp\/v2\/product\/182269"}],"collection":[{"href":"https:\/\/www.laperlavalles.cat\/es\/wp-json\/wp\/v2\/product"}],"about":[{"href":"https:\/\/www.laperlavalles.cat\/es\/wp-json\/wp\/v2\/types\/product"}],"replies":[{"embeddable":true,"href":"https:\/\/www.laperlavalles.cat\/es\/wp-json\/wp\/v2\/comments?post=182269"}],"wp:featuredmedia":[{"embeddable":true,"href":"https:\/\/www.laperlavalles.cat\/es\/wp-json\/wp\/v2\/media\/182258"}],"wp:attachment":[{"href":"https:\/\/www.laperlavalles.cat\/es\/wp-json\/wp\/v2\/media?parent=182269"}],"wp:term":[{"taxonomy":"product_cat","embeddable":true,"href":"https:\/\/www.laperlavalles.cat\/es\/wp-json\/wp\/v2\/product_cat?post=182269"},{"taxonomy":"product_tag","embeddable":true,"href":"https:\/\/www.laperlavalles.cat\/es\/wp-json\/wp\/v2\/product_tag?post=182269"}],"curies":[{"name":"wp","href":"https:\/\/api.w.org\/{rel}","templated":true}]}}