{"id":182289,"date":"2025-02-28T09:53:23","date_gmt":"2025-02-28T08:53:34","guid":{"rendered":"https:\/\/www.laperlavalles.cat\/product\/fitne-infusion-de-hierbas-de-crisantemo\/"},"modified":"2025-02-28T10:24:36","modified_gmt":"2025-02-28T09:24:36","slug":"fitne-infusion-de-hierbas-de-crisantemo","status":"publish","type":"product","link":"https:\/\/www.laperlavalles.cat\/es\/product\/fitne-infusion-de-hierbas-de-crisantemo\/","title":{"rendered":"Fitn\u00e8 Infusi\u00f3n de Hierbas de Crisantemo"},"content":{"rendered":"<p>Fitn\u00e8 Infusi\u00f3n de Hierbas de Crisantemo es una infusi\u00f3n herbal a base de flores de crisantemo, hojas de senna y pods. Es un producto natural que ayuda a limpiar el tracto digestivo, promover la regularidad intestinal y reducir el calor interno.<\/p>\n","protected":false},"excerpt":{"rendered":"<p>Fitn\u00e8 Infusi\u00f3n de Hierbas de Crisantemo es una infusi\u00f3n herbal a base de flores de crisantemo, hojas de senna y pods. Es un producto natural que<span class=\"excerpt-hellip\"> [\u2026]<\/span><\/p>\n","protected":false},"featured_media":182278,"comment_status":"open","ping_status":"closed","template":"","meta":[],"product_cat":[8386,8487],"product_tag":[],"_links":{"self":[{"href":"https:\/\/www.laperlavalles.cat\/es\/wp-json\/wp\/v2\/product\/182289"}],"collection":[{"href":"https:\/\/www.laperlavalles.cat\/es\/wp-json\/wp\/v2\/product"}],"about":[{"href":"https:\/\/www.laperlavalles.cat\/es\/wp-json\/wp\/v2\/types\/product"}],"replies":[{"embeddable":true,"href":"https:\/\/www.laperlavalles.cat\/es\/wp-json\/wp\/v2\/comments?post=182289"}],"wp:featuredmedia":[{"embeddable":true,"href":"https:\/\/www.laperlavalles.cat\/es\/wp-json\/wp\/v2\/media\/182278"}],"wp:attachment":[{"href":"https:\/\/www.laperlavalles.cat\/es\/wp-json\/wp\/v2\/media?parent=182289"}],"wp:term":[{"taxonomy":"product_cat","embeddable":true,"href":"https:\/\/www.laperlavalles.cat\/es\/wp-json\/wp\/v2\/product_cat?post=182289"},{"taxonomy":"product_tag","embeddable":true,"href":"https:\/\/www.laperlavalles.cat\/es\/wp-json\/wp\/v2\/product_tag?post=182289"}],"curies":[{"name":"wp","href":"https:\/\/api.w.org\/{rel}","templated":true}]}}