{"id":182494,"date":"2025-02-28T10:42:37","date_gmt":"2025-02-28T09:42:37","guid":{"rendered":"https:\/\/www.laperlavalles.cat\/product\/salsa-de-soja-baixa-en-sal-sanbishi-800-ml-2\/"},"modified":"2025-02-28T10:42:37","modified_gmt":"2025-02-28T09:42:37","slug":"salsa-de-soja-baixa-en-sal-sanbishi-800-ml-2","status":"publish","type":"product","link":"https:\/\/www.laperlavalles.cat\/es\/product\/salsa-de-soja-baixa-en-sal-sanbishi-800-ml-2\/","title":{"rendered":"Salsa de Soja Baixa en Sal Sanbishi 800 ml"},"content":{"rendered":"<p>La salsa de soja baja en sal de Sanbishi ofrece el sabor aut\u00e9ntico de la soja fermentada con un 43% menos de sal, manteniendo el aroma \u00fanico y la riqueza umami. Ideal para marinar, cocinar y como condimento en una amplia variedad de recetas asi\u00e1ticas, permitiendo reducir la ingesta de sodio sin sacrificar el sabor.<\/p>\n","protected":false},"excerpt":{"rendered":"<p>La salsa de soja baja en sal de Sanbishi ofrece el sabor aut\u00e9ntico de la soja fermentada con un 43% menos de sal, manteniendo el aroma<span class=\"excerpt-hellip\"> [\u2026]<\/span><\/p>\n","protected":false},"featured_media":182490,"comment_status":"open","ping_status":"closed","template":"","meta":[],"product_cat":[36],"product_tag":[],"_links":{"self":[{"href":"https:\/\/www.laperlavalles.cat\/es\/wp-json\/wp\/v2\/product\/182494"}],"collection":[{"href":"https:\/\/www.laperlavalles.cat\/es\/wp-json\/wp\/v2\/product"}],"about":[{"href":"https:\/\/www.laperlavalles.cat\/es\/wp-json\/wp\/v2\/types\/product"}],"replies":[{"embeddable":true,"href":"https:\/\/www.laperlavalles.cat\/es\/wp-json\/wp\/v2\/comments?post=182494"}],"wp:featuredmedia":[{"embeddable":true,"href":"https:\/\/www.laperlavalles.cat\/es\/wp-json\/wp\/v2\/media\/182490"}],"wp:attachment":[{"href":"https:\/\/www.laperlavalles.cat\/es\/wp-json\/wp\/v2\/media?parent=182494"}],"wp:term":[{"taxonomy":"product_cat","embeddable":true,"href":"https:\/\/www.laperlavalles.cat\/es\/wp-json\/wp\/v2\/product_cat?post=182494"},{"taxonomy":"product_tag","embeddable":true,"href":"https:\/\/www.laperlavalles.cat\/es\/wp-json\/wp\/v2\/product_tag?post=182494"}],"curies":[{"name":"wp","href":"https:\/\/api.w.org\/{rel}","templated":true}]}}