{"id":182589,"date":"2025-02-28T10:52:08","date_gmt":"2025-02-28T09:52:08","guid":{"rendered":"https:\/\/www.laperlavalles.cat\/product\/noodles-nissin-en-vaso-pollo-jengibre-63gr-2\/"},"modified":"2025-02-28T10:52:08","modified_gmt":"2025-02-28T09:52:08","slug":"noodles-nissin-en-vaso-pollo-jengibre-63gr-2","status":"publish","type":"product","link":"https:\/\/www.laperlavalles.cat\/es\/product\/noodles-nissin-en-vaso-pollo-jengibre-63gr-2\/","title":{"rendered":"NOODLES NISSIN EN VASO POLLO JENGIBRE 63GR"},"content":{"rendered":"<p>Noodles Nissin en Vaso Pollo Jengibre 63g son fideos instant\u00e1neos con sabor a pollo y un toque de jengibre. Se preparan r\u00e1pidamente a\u00f1adiendo agua caliente y son una opci\u00f3n pr\u00e1ctica para cualquier momento del d\u00eda.<\/p>\n","protected":false},"excerpt":{"rendered":"<p>Noodles Nissin en Vaso Pollo Jengibre 63g son fideos instant\u00e1neos con sabor a pollo y un toque de jengibre. Se preparan r\u00e1pidamente a\u00f1adiendo agua caliente y<span class=\"excerpt-hellip\"> [\u2026]<\/span><\/p>\n","protected":false},"featured_media":182585,"comment_status":"open","ping_status":"closed","template":"","meta":[],"product_cat":[36],"product_tag":[],"_links":{"self":[{"href":"https:\/\/www.laperlavalles.cat\/es\/wp-json\/wp\/v2\/product\/182589"}],"collection":[{"href":"https:\/\/www.laperlavalles.cat\/es\/wp-json\/wp\/v2\/product"}],"about":[{"href":"https:\/\/www.laperlavalles.cat\/es\/wp-json\/wp\/v2\/types\/product"}],"replies":[{"embeddable":true,"href":"https:\/\/www.laperlavalles.cat\/es\/wp-json\/wp\/v2\/comments?post=182589"}],"wp:featuredmedia":[{"embeddable":true,"href":"https:\/\/www.laperlavalles.cat\/es\/wp-json\/wp\/v2\/media\/182585"}],"wp:attachment":[{"href":"https:\/\/www.laperlavalles.cat\/es\/wp-json\/wp\/v2\/media?parent=182589"}],"wp:term":[{"taxonomy":"product_cat","embeddable":true,"href":"https:\/\/www.laperlavalles.cat\/es\/wp-json\/wp\/v2\/product_cat?post=182589"},{"taxonomy":"product_tag","embeddable":true,"href":"https:\/\/www.laperlavalles.cat\/es\/wp-json\/wp\/v2\/product_tag?post=182589"}],"curies":[{"name":"wp","href":"https:\/\/api.w.org\/{rel}","templated":true}]}}