{"id":182719,"date":"2025-02-28T11:00:37","date_gmt":"2025-02-28T10:00:49","guid":{"rendered":"https:\/\/www.laperlavalles.cat\/product\/noodles-nissin-en-vaso-beef-5-especias-64g\/"},"modified":"2025-02-28T17:40:50","modified_gmt":"2025-02-28T16:40:50","slug":"noodles-nissin-en-vaso-beef-5-especias-64g","status":"publish","type":"product","link":"https:\/\/www.laperlavalles.cat\/es\/product\/noodles-nissin-en-vaso-beef-5-especias-64g\/","title":{"rendered":"NOODLES NISSIN EN VASO BEEF 5 ESPECIAS 64G"},"content":{"rendered":"<p>Noodles Nissin en Vaso Beef 5 Especias 64g son fideos instant\u00e1neos con sabor a ternera y una mezcla de cinco especias arom\u00e1ticas. Inspirados en la cocina asi\u00e1tica, ofrecen un sabor intenso y equilibrado. Se preparan f\u00e1cilmente a\u00f1adiendo agua caliente y son una opci\u00f3n r\u00e1pida y sabrosa para cualquier momento del d\u00eda.<\/p>\n","protected":false},"excerpt":{"rendered":"<p>Noodles Nissin en Vaso Beef 5 Especias 64g son fideos instant\u00e1neos con sabor a ternera y una mezcla de cinco especias arom\u00e1ticas. Inspirados en la cocina<span class=\"excerpt-hellip\"> [\u2026]<\/span><\/p>\n","protected":false},"featured_media":182697,"comment_status":"open","ping_status":"closed","template":"","meta":[],"product_cat":[10618],"product_tag":[],"_links":{"self":[{"href":"https:\/\/www.laperlavalles.cat\/es\/wp-json\/wp\/v2\/product\/182719"}],"collection":[{"href":"https:\/\/www.laperlavalles.cat\/es\/wp-json\/wp\/v2\/product"}],"about":[{"href":"https:\/\/www.laperlavalles.cat\/es\/wp-json\/wp\/v2\/types\/product"}],"replies":[{"embeddable":true,"href":"https:\/\/www.laperlavalles.cat\/es\/wp-json\/wp\/v2\/comments?post=182719"}],"wp:featuredmedia":[{"embeddable":true,"href":"https:\/\/www.laperlavalles.cat\/es\/wp-json\/wp\/v2\/media\/182697"}],"wp:attachment":[{"href":"https:\/\/www.laperlavalles.cat\/es\/wp-json\/wp\/v2\/media?parent=182719"}],"wp:term":[{"taxonomy":"product_cat","embeddable":true,"href":"https:\/\/www.laperlavalles.cat\/es\/wp-json\/wp\/v2\/product_cat?post=182719"},{"taxonomy":"product_tag","embeddable":true,"href":"https:\/\/www.laperlavalles.cat\/es\/wp-json\/wp\/v2\/product_tag?post=182719"}],"curies":[{"name":"wp","href":"https:\/\/api.w.org\/{rel}","templated":true}]}}