{"id":183144,"date":"2025-02-28T11:40:37","date_gmt":"2025-02-28T10:40:51","guid":{"rendered":"https:\/\/www.laperlavalles.cat\/product\/noodles-nissin-pollo-100g\/"},"modified":"2025-11-21T15:11:11","modified_gmt":"2025-11-21T14:11:11","slug":"noodles-nissin-pollo-100g","status":"publish","type":"product","link":"https:\/\/www.laperlavalles.cat\/es\/product\/noodles-nissin-pollo-100g\/","title":{"rendered":"NOODLES NISSIN POLLO 100G"},"content":{"rendered":"<p>Noodles Nissin Pollo 100g son fideos instant\u00e1neos con sabor a pollo, con un caldo suave y reconfortante. F\u00e1ciles de preparar a\u00f1adiendo agua caliente, son una opci\u00f3n r\u00e1pida y deliciosa para cualquier momento del d\u00eda.allarines instant\u00e1neos con un suave sabor a pollo, f\u00e1ciles de preparar e ideales para una comida r\u00e1pida y deliciosa.<\/p>\n","protected":false},"excerpt":{"rendered":"<p>Noodles Nissin Pollo 100g son fideos instant\u00e1neos con sabor a pollo, con un caldo suave y reconfortante. F\u00e1ciles de preparar a\u00f1adiendo agua caliente, son una opci\u00f3n<span class=\"excerpt-hellip\"> [\u2026]<\/span><\/p>\n","protected":false},"featured_media":183133,"comment_status":"open","ping_status":"closed","template":"","meta":[],"product_cat":[10618],"product_tag":[],"_links":{"self":[{"href":"https:\/\/www.laperlavalles.cat\/es\/wp-json\/wp\/v2\/product\/183144"}],"collection":[{"href":"https:\/\/www.laperlavalles.cat\/es\/wp-json\/wp\/v2\/product"}],"about":[{"href":"https:\/\/www.laperlavalles.cat\/es\/wp-json\/wp\/v2\/types\/product"}],"replies":[{"embeddable":true,"href":"https:\/\/www.laperlavalles.cat\/es\/wp-json\/wp\/v2\/comments?post=183144"}],"wp:featuredmedia":[{"embeddable":true,"href":"https:\/\/www.laperlavalles.cat\/es\/wp-json\/wp\/v2\/media\/183133"}],"wp:attachment":[{"href":"https:\/\/www.laperlavalles.cat\/es\/wp-json\/wp\/v2\/media?parent=183144"}],"wp:term":[{"taxonomy":"product_cat","embeddable":true,"href":"https:\/\/www.laperlavalles.cat\/es\/wp-json\/wp\/v2\/product_cat?post=183144"},{"taxonomy":"product_tag","embeddable":true,"href":"https:\/\/www.laperlavalles.cat\/es\/wp-json\/wp\/v2\/product_tag?post=183144"}],"curies":[{"name":"wp","href":"https:\/\/api.w.org\/{rel}","templated":true}]}}