{"id":183359,"date":"2025-02-28T11:58:34","date_gmt":"2025-02-28T10:58:34","guid":{"rendered":"https:\/\/www.laperlavalles.cat\/product\/noodles-nissin-sesamo-100g-7\/"},"modified":"2025-02-28T11:58:34","modified_gmt":"2025-02-28T10:58:34","slug":"noodles-nissin-sesamo-100g-7","status":"publish","type":"product","link":"https:\/\/www.laperlavalles.cat\/es\/product\/noodles-nissin-sesamo-100g-7\/","title":{"rendered":"NOODLES NISSIN S\u00c9SAMO 100G"},"content":{"rendered":"<p>Noodles Nissin S\u00e9samo 100g son fideos instant\u00e1neos con un suave y arom\u00e1tico sabor a s\u00e9samo, que aporta un toque ligeramente tostado y cremoso. Se preparan f\u00e1cilmente a\u00f1adiendo agua caliente y son una opci\u00f3n deliciosa y reconfortante para cualquier momento del d\u00eda.<\/p>\n","protected":false},"excerpt":{"rendered":"<p>Noodles Nissin S\u00e9samo 100g son fideos instant\u00e1neos con un suave y arom\u00e1tico sabor a s\u00e9samo, que aporta un toque ligeramente tostado y cremoso. Se preparan f\u00e1cilmente<span class=\"excerpt-hellip\"> [\u2026]<\/span><\/p>\n","protected":false},"featured_media":183355,"comment_status":"open","ping_status":"closed","template":"","meta":[],"product_cat":[36],"product_tag":[],"_links":{"self":[{"href":"https:\/\/www.laperlavalles.cat\/es\/wp-json\/wp\/v2\/product\/183359"}],"collection":[{"href":"https:\/\/www.laperlavalles.cat\/es\/wp-json\/wp\/v2\/product"}],"about":[{"href":"https:\/\/www.laperlavalles.cat\/es\/wp-json\/wp\/v2\/types\/product"}],"replies":[{"embeddable":true,"href":"https:\/\/www.laperlavalles.cat\/es\/wp-json\/wp\/v2\/comments?post=183359"}],"wp:featuredmedia":[{"embeddable":true,"href":"https:\/\/www.laperlavalles.cat\/es\/wp-json\/wp\/v2\/media\/183355"}],"wp:attachment":[{"href":"https:\/\/www.laperlavalles.cat\/es\/wp-json\/wp\/v2\/media?parent=183359"}],"wp:term":[{"taxonomy":"product_cat","embeddable":true,"href":"https:\/\/www.laperlavalles.cat\/es\/wp-json\/wp\/v2\/product_cat?post=183359"},{"taxonomy":"product_tag","embeddable":true,"href":"https:\/\/www.laperlavalles.cat\/es\/wp-json\/wp\/v2\/product_tag?post=183359"}],"curies":[{"name":"wp","href":"https:\/\/api.w.org\/{rel}","templated":true}]}}