{"id":183394,"date":"2025-02-28T12:00:38","date_gmt":"2025-02-28T11:00:50","guid":{"rendered":"https:\/\/www.laperlavalles.cat\/product\/noodles-nissin-tonkotsu-100g\/"},"modified":"2025-10-24T10:40:30","modified_gmt":"2025-10-24T08:40:30","slug":"noodles-nissin-tonkotsu-100g","status":"publish","type":"product","link":"https:\/\/www.laperlavalles.cat\/es\/product\/noodles-nissin-tonkotsu-100g\/","title":{"rendered":"NOODLES NISSIN TONKOTSU 100G"},"content":{"rendered":"<p>Noodles Nissin Tonkotsu 100g son fideos instant\u00e1neos inspirados en la tradicional sopa japonesa de caldo de cerdo. Con un sabor intenso y cremoso, se preparan f\u00e1cilmente a\u00f1adiendo agua caliente, ofreciendo una experiencia aut\u00e9ntica y reconfortante.<\/p>\n","protected":false},"excerpt":{"rendered":"<p>Noodles Nissin Tonkotsu 100g son fideos instant\u00e1neos inspirados en la tradicional sopa japonesa de caldo de cerdo. Con un sabor intenso y cremoso, se preparan f\u00e1cilmente<span class=\"excerpt-hellip\"> [\u2026]<\/span><\/p>\n","protected":false},"featured_media":183383,"comment_status":"open","ping_status":"closed","template":"","meta":[],"product_cat":[10618],"product_tag":[],"_links":{"self":[{"href":"https:\/\/www.laperlavalles.cat\/es\/wp-json\/wp\/v2\/product\/183394"}],"collection":[{"href":"https:\/\/www.laperlavalles.cat\/es\/wp-json\/wp\/v2\/product"}],"about":[{"href":"https:\/\/www.laperlavalles.cat\/es\/wp-json\/wp\/v2\/types\/product"}],"replies":[{"embeddable":true,"href":"https:\/\/www.laperlavalles.cat\/es\/wp-json\/wp\/v2\/comments?post=183394"}],"wp:featuredmedia":[{"embeddable":true,"href":"https:\/\/www.laperlavalles.cat\/es\/wp-json\/wp\/v2\/media\/183383"}],"wp:attachment":[{"href":"https:\/\/www.laperlavalles.cat\/es\/wp-json\/wp\/v2\/media?parent=183394"}],"wp:term":[{"taxonomy":"product_cat","embeddable":true,"href":"https:\/\/www.laperlavalles.cat\/es\/wp-json\/wp\/v2\/product_cat?post=183394"},{"taxonomy":"product_tag","embeddable":true,"href":"https:\/\/www.laperlavalles.cat\/es\/wp-json\/wp\/v2\/product_tag?post=183394"}],"curies":[{"name":"wp","href":"https:\/\/api.w.org\/{rel}","templated":true}]}}