{"id":183499,"date":"2025-02-28T12:10:08","date_gmt":"2025-02-28T11:10:08","guid":{"rendered":"https:\/\/www.laperlavalles.cat\/product\/noodles-nissin-tonkotsu-100g-8\/"},"modified":"2025-02-28T12:10:08","modified_gmt":"2025-02-28T11:10:08","slug":"noodles-nissin-tonkotsu-100g-8","status":"publish","type":"product","link":"https:\/\/www.laperlavalles.cat\/es\/product\/noodles-nissin-tonkotsu-100g-8\/","title":{"rendered":"NOODLES NISSIN TONKOTSU 100G"},"content":{"rendered":"<p>Noodles Nissin Tonkotsu 100g son fideos instant\u00e1neos inspirados en la tradicional sopa japonesa de caldo de cerdo. Con un sabor intenso y cremoso, se preparan f\u00e1cilmente a\u00f1adiendo agua caliente, ofreciendo una experiencia aut\u00e9ntica y reconfortante.<\/p>\n","protected":false},"excerpt":{"rendered":"<p>Noodles Nissin Tonkotsu 100g son fideos instant\u00e1neos inspirados en la tradicional sopa japonesa de caldo de cerdo. Con un sabor intenso y cremoso, se preparan f\u00e1cilmente<span class=\"excerpt-hellip\"> [\u2026]<\/span><\/p>\n","protected":false},"featured_media":183495,"comment_status":"open","ping_status":"closed","template":"","meta":[],"product_cat":[36],"product_tag":[],"_links":{"self":[{"href":"https:\/\/www.laperlavalles.cat\/es\/wp-json\/wp\/v2\/product\/183499"}],"collection":[{"href":"https:\/\/www.laperlavalles.cat\/es\/wp-json\/wp\/v2\/product"}],"about":[{"href":"https:\/\/www.laperlavalles.cat\/es\/wp-json\/wp\/v2\/types\/product"}],"replies":[{"embeddable":true,"href":"https:\/\/www.laperlavalles.cat\/es\/wp-json\/wp\/v2\/comments?post=183499"}],"wp:featuredmedia":[{"embeddable":true,"href":"https:\/\/www.laperlavalles.cat\/es\/wp-json\/wp\/v2\/media\/183495"}],"wp:attachment":[{"href":"https:\/\/www.laperlavalles.cat\/es\/wp-json\/wp\/v2\/media?parent=183499"}],"wp:term":[{"taxonomy":"product_cat","embeddable":true,"href":"https:\/\/www.laperlavalles.cat\/es\/wp-json\/wp\/v2\/product_cat?post=183499"},{"taxonomy":"product_tag","embeddable":true,"href":"https:\/\/www.laperlavalles.cat\/es\/wp-json\/wp\/v2\/product_tag?post=183499"}],"curies":[{"name":"wp","href":"https:\/\/api.w.org\/{rel}","templated":true}]}}