{"id":183624,"date":"2025-02-28T12:20:21","date_gmt":"2025-02-28T11:20:21","guid":{"rendered":"https:\/\/www.laperlavalles.cat\/product\/noodles-nissin-pato-100g-8\/"},"modified":"2025-02-28T12:20:21","modified_gmt":"2025-02-28T11:20:21","slug":"noodles-nissin-pato-100g-8","status":"publish","type":"product","link":"https:\/\/www.laperlavalles.cat\/es\/product\/noodles-nissin-pato-100g-8\/","title":{"rendered":"NOODLES NISSIN PATO 100G"},"content":{"rendered":"<p>Noodles Nissin Pato 100g son fideos instant\u00e1neos con un sabor intenso y arom\u00e1tico a pato, inspirados en la cocina asi\u00e1tica. Se preparan f\u00e1cilmente a\u00f1adiendo agua caliente y ofrecen un caldo rico y sabroso, ideal para una comida r\u00e1pida y deliciosa.<\/p>\n","protected":false},"excerpt":{"rendered":"<p>Noodles Nissin Pato 100g son fideos instant\u00e1neos con un sabor intenso y arom\u00e1tico a pato, inspirados en la cocina asi\u00e1tica. Se preparan f\u00e1cilmente a\u00f1adiendo agua caliente<span class=\"excerpt-hellip\"> [\u2026]<\/span><\/p>\n","protected":false},"featured_media":183620,"comment_status":"open","ping_status":"closed","template":"","meta":[],"product_cat":[36],"product_tag":[],"_links":{"self":[{"href":"https:\/\/www.laperlavalles.cat\/es\/wp-json\/wp\/v2\/product\/183624"}],"collection":[{"href":"https:\/\/www.laperlavalles.cat\/es\/wp-json\/wp\/v2\/product"}],"about":[{"href":"https:\/\/www.laperlavalles.cat\/es\/wp-json\/wp\/v2\/types\/product"}],"replies":[{"embeddable":true,"href":"https:\/\/www.laperlavalles.cat\/es\/wp-json\/wp\/v2\/comments?post=183624"}],"wp:featuredmedia":[{"embeddable":true,"href":"https:\/\/www.laperlavalles.cat\/es\/wp-json\/wp\/v2\/media\/183620"}],"wp:attachment":[{"href":"https:\/\/www.laperlavalles.cat\/es\/wp-json\/wp\/v2\/media?parent=183624"}],"wp:term":[{"taxonomy":"product_cat","embeddable":true,"href":"https:\/\/www.laperlavalles.cat\/es\/wp-json\/wp\/v2\/product_cat?post=183624"},{"taxonomy":"product_tag","embeddable":true,"href":"https:\/\/www.laperlavalles.cat\/es\/wp-json\/wp\/v2\/product_tag?post=183624"}],"curies":[{"name":"wp","href":"https:\/\/api.w.org\/{rel}","templated":true}]}}