{"id":183644,"date":"2025-02-28T12:20:37","date_gmt":"2025-02-28T11:20:49","guid":{"rendered":"https:\/\/www.laperlavalles.cat\/product\/noodles-nissin-ramen-salsa-de-soja-100g\/"},"modified":"2025-09-26T12:48:27","modified_gmt":"2025-09-26T10:48:27","slug":"noodles-nissin-ramen-salsa-de-soja-100g","status":"publish","type":"product","link":"https:\/\/www.laperlavalles.cat\/es\/product\/noodles-nissin-ramen-salsa-de-soja-100g\/","title":{"rendered":"NOODLES NISSIN RAMEN SALSA DE SOJA 100G"},"content":{"rendered":"<p>Noodles Nissin Ramen Salsa de Soja 100g son fideos instant\u00e1neos con un caldo rico y equilibrado con el sabor umami de la salsa de soja. Inspirados en el ramen japon\u00e9s tradicional, se preparan f\u00e1cilmente a\u00f1adiendo agua caliente, ofreciendo una comida r\u00e1pida y deliciosa.<\/p>\n","protected":false},"excerpt":{"rendered":"<p>Noodles Nissin Ramen Salsa de Soja 100g son fideos instant\u00e1neos con un caldo rico y equilibrado con el sabor umami de la salsa de soja. Inspirados<span class=\"excerpt-hellip\"> [\u2026]<\/span><\/p>\n","protected":false},"featured_media":183633,"comment_status":"open","ping_status":"closed","template":"","meta":[],"product_cat":[10618],"product_tag":[],"_links":{"self":[{"href":"https:\/\/www.laperlavalles.cat\/es\/wp-json\/wp\/v2\/product\/183644"}],"collection":[{"href":"https:\/\/www.laperlavalles.cat\/es\/wp-json\/wp\/v2\/product"}],"about":[{"href":"https:\/\/www.laperlavalles.cat\/es\/wp-json\/wp\/v2\/types\/product"}],"replies":[{"embeddable":true,"href":"https:\/\/www.laperlavalles.cat\/es\/wp-json\/wp\/v2\/comments?post=183644"}],"wp:featuredmedia":[{"embeddable":true,"href":"https:\/\/www.laperlavalles.cat\/es\/wp-json\/wp\/v2\/media\/183633"}],"wp:attachment":[{"href":"https:\/\/www.laperlavalles.cat\/es\/wp-json\/wp\/v2\/media?parent=183644"}],"wp:term":[{"taxonomy":"product_cat","embeddable":true,"href":"https:\/\/www.laperlavalles.cat\/es\/wp-json\/wp\/v2\/product_cat?post=183644"},{"taxonomy":"product_tag","embeddable":true,"href":"https:\/\/www.laperlavalles.cat\/es\/wp-json\/wp\/v2\/product_tag?post=183644"}],"curies":[{"name":"wp","href":"https:\/\/api.w.org\/{rel}","templated":true}]}}