{"id":183829,"date":"2025-02-28T12:36:24","date_gmt":"2025-02-28T11:36:24","guid":{"rendered":"https:\/\/www.laperlavalles.cat\/product\/noodles-nissin-picante-100g-5\/"},"modified":"2025-02-28T12:36:24","modified_gmt":"2025-02-28T11:36:24","slug":"noodles-nissin-picante-100g-5","status":"publish","type":"product","link":"https:\/\/www.laperlavalles.cat\/es\/product\/noodles-nissin-picante-100g-5\/","title":{"rendered":"NOODLES NISSIN PICANTE 100G"},"content":{"rendered":"<p>Noodles Nissin Picante 100g son fideos instant\u00e1neos con un caldo intenso y un toque picante que aporta calor y sabor. Perfectos para los amantes del picante, se preparan f\u00e1cilmente a\u00f1adiendo agua caliente, convirti\u00e9ndose en una comida r\u00e1pida y deliciosa.<\/p>\n","protected":false},"excerpt":{"rendered":"<p>Noodles Nissin Picante 100g son fideos instant\u00e1neos con un caldo intenso y un toque picante que aporta calor y sabor. Perfectos para los amantes del picante,<span class=\"excerpt-hellip\"> [\u2026]<\/span><\/p>\n","protected":false},"featured_media":183825,"comment_status":"open","ping_status":"closed","template":"","meta":[],"product_cat":[36],"product_tag":[],"_links":{"self":[{"href":"https:\/\/www.laperlavalles.cat\/es\/wp-json\/wp\/v2\/product\/183829"}],"collection":[{"href":"https:\/\/www.laperlavalles.cat\/es\/wp-json\/wp\/v2\/product"}],"about":[{"href":"https:\/\/www.laperlavalles.cat\/es\/wp-json\/wp\/v2\/types\/product"}],"replies":[{"embeddable":true,"href":"https:\/\/www.laperlavalles.cat\/es\/wp-json\/wp\/v2\/comments?post=183829"}],"wp:featuredmedia":[{"embeddable":true,"href":"https:\/\/www.laperlavalles.cat\/es\/wp-json\/wp\/v2\/media\/183825"}],"wp:attachment":[{"href":"https:\/\/www.laperlavalles.cat\/es\/wp-json\/wp\/v2\/media?parent=183829"}],"wp:term":[{"taxonomy":"product_cat","embeddable":true,"href":"https:\/\/www.laperlavalles.cat\/es\/wp-json\/wp\/v2\/product_cat?post=183829"},{"taxonomy":"product_tag","embeddable":true,"href":"https:\/\/www.laperlavalles.cat\/es\/wp-json\/wp\/v2\/product_tag?post=183829"}],"curies":[{"name":"wp","href":"https:\/\/api.w.org\/{rel}","templated":true}]}}