{"id":183909,"date":"2025-02-28T12:42:10","date_gmt":"2025-02-28T11:42:10","guid":{"rendered":"https:\/\/www.laperlavalles.cat\/product\/noodles-nissin-en-pot-salsa-de-soja-gambas-63g-2\/"},"modified":"2025-02-28T12:42:10","modified_gmt":"2025-02-28T11:42:10","slug":"noodles-nissin-en-pot-salsa-de-soja-gambas-63g-2","status":"publish","type":"product","link":"https:\/\/www.laperlavalles.cat\/es\/product\/noodles-nissin-en-pot-salsa-de-soja-gambas-63g-2\/","title":{"rendered":"NOODLES NISSIN EN POT SALSA DE SOJA GAMBAS 63G"},"content":{"rendered":"<p>Noodles Nissin en Pot Salsa de Soja Gambas 63g son fideos instant\u00e1neos con un caldo sabroso a base de salsa de soja y gambas. Inspirados en la cocina asi\u00e1tica, se preparan f\u00e1cilmente a\u00f1adiendo agua caliente, ideales para una comida r\u00e1pida y deliciosa.<\/p>\n","protected":false},"excerpt":{"rendered":"<p>Noodles Nissin en Pot Salsa de Soja Gambas 63g son fideos instant\u00e1neos con un caldo sabroso a base de salsa de soja y gambas. Inspirados en<span class=\"excerpt-hellip\"> [\u2026]<\/span><\/p>\n","protected":false},"featured_media":183905,"comment_status":"open","ping_status":"closed","template":"","meta":[],"product_cat":[36],"product_tag":[],"_links":{"self":[{"href":"https:\/\/www.laperlavalles.cat\/es\/wp-json\/wp\/v2\/product\/183909"}],"collection":[{"href":"https:\/\/www.laperlavalles.cat\/es\/wp-json\/wp\/v2\/product"}],"about":[{"href":"https:\/\/www.laperlavalles.cat\/es\/wp-json\/wp\/v2\/types\/product"}],"replies":[{"embeddable":true,"href":"https:\/\/www.laperlavalles.cat\/es\/wp-json\/wp\/v2\/comments?post=183909"}],"wp:featuredmedia":[{"embeddable":true,"href":"https:\/\/www.laperlavalles.cat\/es\/wp-json\/wp\/v2\/media\/183905"}],"wp:attachment":[{"href":"https:\/\/www.laperlavalles.cat\/es\/wp-json\/wp\/v2\/media?parent=183909"}],"wp:term":[{"taxonomy":"product_cat","embeddable":true,"href":"https:\/\/www.laperlavalles.cat\/es\/wp-json\/wp\/v2\/product_cat?post=183909"},{"taxonomy":"product_tag","embeddable":true,"href":"https:\/\/www.laperlavalles.cat\/es\/wp-json\/wp\/v2\/product_tag?post=183909"}],"curies":[{"name":"wp","href":"https:\/\/api.w.org\/{rel}","templated":true}]}}