{"id":183929,"date":"2025-02-28T12:50:37","date_gmt":"2025-02-28T11:50:48","guid":{"rendered":"https:\/\/www.laperlavalles.cat\/product\/noodles-nissin-ternera-100g\/"},"modified":"2025-12-18T17:21:53","modified_gmt":"2025-12-18T16:21:53","slug":"noodles-nissin-ternera-100g","status":"publish","type":"product","link":"https:\/\/www.laperlavalles.cat\/es\/product\/noodles-nissin-ternera-100g\/","title":{"rendered":"NOODLES NISSIN TERNERA 100G"},"content":{"rendered":"<p>Noodles Nissin Ternera 100g son fideos instant\u00e1neos con un caldo intenso y sabroso de ternera. Inspirados en la cocina asi\u00e1tica, se preparan f\u00e1cilmente a\u00f1adiendo agua caliente, ideales para una comida r\u00e1pida y deliciosa.<\/p>\n","protected":false},"excerpt":{"rendered":"<p>Noodles Nissin Ternera 100g son fideos instant\u00e1neos con un caldo intenso y sabroso de ternera. Inspirados en la cocina asi\u00e1tica, se preparan f\u00e1cilmente a\u00f1adiendo agua caliente,<span class=\"excerpt-hellip\"> [\u2026]<\/span><\/p>\n","protected":false},"featured_media":183918,"comment_status":"open","ping_status":"closed","template":"","meta":[],"product_cat":[10618],"product_tag":[],"_links":{"self":[{"href":"https:\/\/www.laperlavalles.cat\/es\/wp-json\/wp\/v2\/product\/183929"}],"collection":[{"href":"https:\/\/www.laperlavalles.cat\/es\/wp-json\/wp\/v2\/product"}],"about":[{"href":"https:\/\/www.laperlavalles.cat\/es\/wp-json\/wp\/v2\/types\/product"}],"replies":[{"embeddable":true,"href":"https:\/\/www.laperlavalles.cat\/es\/wp-json\/wp\/v2\/comments?post=183929"}],"wp:featuredmedia":[{"embeddable":true,"href":"https:\/\/www.laperlavalles.cat\/es\/wp-json\/wp\/v2\/media\/183918"}],"wp:attachment":[{"href":"https:\/\/www.laperlavalles.cat\/es\/wp-json\/wp\/v2\/media?parent=183929"}],"wp:term":[{"taxonomy":"product_cat","embeddable":true,"href":"https:\/\/www.laperlavalles.cat\/es\/wp-json\/wp\/v2\/product_cat?post=183929"},{"taxonomy":"product_tag","embeddable":true,"href":"https:\/\/www.laperlavalles.cat\/es\/wp-json\/wp\/v2\/product_tag?post=183929"}],"curies":[{"name":"wp","href":"https:\/\/api.w.org\/{rel}","templated":true}]}}