{"id":183959,"date":"2025-02-28T12:53:40","date_gmt":"2025-02-28T11:53:40","guid":{"rendered":"https:\/\/www.laperlavalles.cat\/product\/noodles-nissin-ternera-100g-3\/"},"modified":"2025-02-28T12:53:40","modified_gmt":"2025-02-28T11:53:40","slug":"noodles-nissin-ternera-100g-3","status":"publish","type":"product","link":"https:\/\/www.laperlavalles.cat\/es\/product\/noodles-nissin-ternera-100g-3\/","title":{"rendered":"NOODLES NISSIN TERNERA 100G"},"content":{"rendered":"<p>Noodles Nissin Ternera 100g son fideos instant\u00e1neos con un caldo intenso y sabroso de ternera. Inspirados en la cocina asi\u00e1tica, se preparan f\u00e1cilmente a\u00f1adiendo agua caliente, ideales para una comida r\u00e1pida y deliciosa.<\/p>\n","protected":false},"excerpt":{"rendered":"<p>Noodles Nissin Ternera 100g son fideos instant\u00e1neos con un caldo intenso y sabroso de ternera. Inspirados en la cocina asi\u00e1tica, se preparan f\u00e1cilmente a\u00f1adiendo agua caliente,<span class=\"excerpt-hellip\"> [\u2026]<\/span><\/p>\n","protected":false},"featured_media":183955,"comment_status":"open","ping_status":"closed","template":"","meta":[],"product_cat":[36],"product_tag":[],"_links":{"self":[{"href":"https:\/\/www.laperlavalles.cat\/es\/wp-json\/wp\/v2\/product\/183959"}],"collection":[{"href":"https:\/\/www.laperlavalles.cat\/es\/wp-json\/wp\/v2\/product"}],"about":[{"href":"https:\/\/www.laperlavalles.cat\/es\/wp-json\/wp\/v2\/types\/product"}],"replies":[{"embeddable":true,"href":"https:\/\/www.laperlavalles.cat\/es\/wp-json\/wp\/v2\/comments?post=183959"}],"wp:featuredmedia":[{"embeddable":true,"href":"https:\/\/www.laperlavalles.cat\/es\/wp-json\/wp\/v2\/media\/183955"}],"wp:attachment":[{"href":"https:\/\/www.laperlavalles.cat\/es\/wp-json\/wp\/v2\/media?parent=183959"}],"wp:term":[{"taxonomy":"product_cat","embeddable":true,"href":"https:\/\/www.laperlavalles.cat\/es\/wp-json\/wp\/v2\/product_cat?post=183959"},{"taxonomy":"product_tag","embeddable":true,"href":"https:\/\/www.laperlavalles.cat\/es\/wp-json\/wp\/v2\/product_tag?post=183959"}],"curies":[{"name":"wp","href":"https:\/\/api.w.org\/{rel}","templated":true}]}}