{"id":184209,"date":"2025-02-28T13:09:31","date_gmt":"2025-02-28T12:09:31","guid":{"rendered":"https:\/\/www.laperlavalles.cat\/product\/noodles-nongshim-shin-kimchi-120g-3\/"},"modified":"2025-02-28T13:09:31","modified_gmt":"2025-02-28T12:09:31","slug":"noodles-nongshim-shin-kimchi-120g-3","status":"publish","type":"product","link":"https:\/\/www.laperlavalles.cat\/es\/product\/noodles-nongshim-shin-kimchi-120g-3\/","title":{"rendered":"NOODLES NONGSHIM SHIN KIMCHI 120G"},"content":{"rendered":"<p>Noodles Nongshim Shin Kimchi 120g son fideos instant\u00e1neos con un caldo intensamente sabroso y un toque picante caracter\u00edstico del kimchi coreano. Elaborados con especias aut\u00e9nticas, ofrecen una experiencia culinaria tradicional de Corea. Solo necesitas a\u00f1adir agua caliente para disfrutar de una comida r\u00e1pida y deliciosa.<\/p>\n","protected":false},"excerpt":{"rendered":"<p>Noodles Nongshim Shin Kimchi 120g son fideos instant\u00e1neos con un caldo intensamente sabroso y un toque picante caracter\u00edstico del kimchi coreano. Elaborados con especias aut\u00e9nticas, ofrecen<span class=\"excerpt-hellip\"> [\u2026]<\/span><\/p>\n","protected":false},"featured_media":184205,"comment_status":"open","ping_status":"closed","template":"","meta":[],"product_cat":[36],"product_tag":[],"_links":{"self":[{"href":"https:\/\/www.laperlavalles.cat\/es\/wp-json\/wp\/v2\/product\/184209"}],"collection":[{"href":"https:\/\/www.laperlavalles.cat\/es\/wp-json\/wp\/v2\/product"}],"about":[{"href":"https:\/\/www.laperlavalles.cat\/es\/wp-json\/wp\/v2\/types\/product"}],"replies":[{"embeddable":true,"href":"https:\/\/www.laperlavalles.cat\/es\/wp-json\/wp\/v2\/comments?post=184209"}],"wp:featuredmedia":[{"embeddable":true,"href":"https:\/\/www.laperlavalles.cat\/es\/wp-json\/wp\/v2\/media\/184205"}],"wp:attachment":[{"href":"https:\/\/www.laperlavalles.cat\/es\/wp-json\/wp\/v2\/media?parent=184209"}],"wp:term":[{"taxonomy":"product_cat","embeddable":true,"href":"https:\/\/www.laperlavalles.cat\/es\/wp-json\/wp\/v2\/product_cat?post=184209"},{"taxonomy":"product_tag","embeddable":true,"href":"https:\/\/www.laperlavalles.cat\/es\/wp-json\/wp\/v2\/product_tag?post=184209"}],"curies":[{"name":"wp","href":"https:\/\/api.w.org\/{rel}","templated":true}]}}