{"id":184244,"date":"2025-02-28T13:10:37","date_gmt":"2025-02-28T12:10:50","guid":{"rendered":"https:\/\/www.laperlavalles.cat\/product\/noodles-nongshim-chapagetti-140g\/"},"modified":"2025-02-28T20:59:25","modified_gmt":"2025-02-28T19:59:25","slug":"noodles-nongshim-chapagetti-140g","status":"publish","type":"product","link":"https:\/\/www.laperlavalles.cat\/es\/product\/noodles-nongshim-chapagetti-140g\/","title":{"rendered":"NOODLES NONGSHIM CHAPAGETTI 140G"},"content":{"rendered":"<p>Noodles Nongshim Chapagetti 140g son fideos instant\u00e1neos inspirados en el plato coreano \u00abJjajangmyeon\u00bb, preparados con una salsa espesa de frijoles negros y un toque dulce y salado. Ofrecen un sabor rico e intenso, ideal para los amantes de la gastronom\u00eda asi\u00e1tica. F\u00e1ciles de preparar, solo necesitas a\u00f1adir agua caliente y mezclar con la salsa para disfrutar de una comida deliciosa en minutos.<\/p>\n","protected":false},"excerpt":{"rendered":"<p>Noodles Nongshim Chapagetti 140g son fideos instant\u00e1neos inspirados en el plato coreano \u00abJjajangmyeon\u00bb, preparados con una salsa espesa de frijoles negros y un toque dulce y<span class=\"excerpt-hellip\"> [\u2026]<\/span><\/p>\n","protected":false},"featured_media":184233,"comment_status":"open","ping_status":"closed","template":"","meta":[],"product_cat":[10618],"product_tag":[],"_links":{"self":[{"href":"https:\/\/www.laperlavalles.cat\/es\/wp-json\/wp\/v2\/product\/184244"}],"collection":[{"href":"https:\/\/www.laperlavalles.cat\/es\/wp-json\/wp\/v2\/product"}],"about":[{"href":"https:\/\/www.laperlavalles.cat\/es\/wp-json\/wp\/v2\/types\/product"}],"replies":[{"embeddable":true,"href":"https:\/\/www.laperlavalles.cat\/es\/wp-json\/wp\/v2\/comments?post=184244"}],"wp:featuredmedia":[{"embeddable":true,"href":"https:\/\/www.laperlavalles.cat\/es\/wp-json\/wp\/v2\/media\/184233"}],"wp:attachment":[{"href":"https:\/\/www.laperlavalles.cat\/es\/wp-json\/wp\/v2\/media?parent=184244"}],"wp:term":[{"taxonomy":"product_cat","embeddable":true,"href":"https:\/\/www.laperlavalles.cat\/es\/wp-json\/wp\/v2\/product_cat?post=184244"},{"taxonomy":"product_tag","embeddable":true,"href":"https:\/\/www.laperlavalles.cat\/es\/wp-json\/wp\/v2\/product_tag?post=184244"}],"curies":[{"name":"wp","href":"https:\/\/api.w.org\/{rel}","templated":true}]}}