{"id":184429,"date":"2025-02-28T13:26:08","date_gmt":"2025-02-28T12:26:08","guid":{"rendered":"https:\/\/www.laperlavalles.cat\/product\/noodles-nongshim-soon-veggie-ramyun-112g-5\/"},"modified":"2025-02-28T13:26:08","modified_gmt":"2025-02-28T12:26:08","slug":"noodles-nongshim-soon-veggie-ramyun-112g-5","status":"publish","type":"product","link":"https:\/\/www.laperlavalles.cat\/es\/product\/noodles-nongshim-soon-veggie-ramyun-112g-5\/","title":{"rendered":"NOODLES NONGSHIM SOON VEGGIE RAMYUN 112G"},"content":{"rendered":"<p>Noodles Nongshim Soon Veggie Ramyun 112g son fideos instant\u00e1neos 100% vegetarianos con un caldo suave y sabroso, elaborado con ingredientes de origen vegetal. Con la combinaci\u00f3n perfecta de especias y verduras, ofrecen una experiencia deliciosa y ligera, ideal para quienes buscan una opci\u00f3n sin carne. F\u00e1ciles de preparar, solo necesitas a\u00f1adir agua caliente para disfrutar de una comida r\u00e1pida y nutritiva.<\/p>\n","protected":false},"excerpt":{"rendered":"<p>Noodles Nongshim Soon Veggie Ramyun 112g son fideos instant\u00e1neos 100% vegetarianos con un caldo suave y sabroso, elaborado con ingredientes de origen vegetal. Con la combinaci\u00f3n<span class=\"excerpt-hellip\"> [\u2026]<\/span><\/p>\n","protected":false},"featured_media":184425,"comment_status":"open","ping_status":"closed","template":"","meta":[],"product_cat":[36],"product_tag":[],"_links":{"self":[{"href":"https:\/\/www.laperlavalles.cat\/es\/wp-json\/wp\/v2\/product\/184429"}],"collection":[{"href":"https:\/\/www.laperlavalles.cat\/es\/wp-json\/wp\/v2\/product"}],"about":[{"href":"https:\/\/www.laperlavalles.cat\/es\/wp-json\/wp\/v2\/types\/product"}],"replies":[{"embeddable":true,"href":"https:\/\/www.laperlavalles.cat\/es\/wp-json\/wp\/v2\/comments?post=184429"}],"wp:featuredmedia":[{"embeddable":true,"href":"https:\/\/www.laperlavalles.cat\/es\/wp-json\/wp\/v2\/media\/184425"}],"wp:attachment":[{"href":"https:\/\/www.laperlavalles.cat\/es\/wp-json\/wp\/v2\/media?parent=184429"}],"wp:term":[{"taxonomy":"product_cat","embeddable":true,"href":"https:\/\/www.laperlavalles.cat\/es\/wp-json\/wp\/v2\/product_cat?post=184429"},{"taxonomy":"product_tag","embeddable":true,"href":"https:\/\/www.laperlavalles.cat\/es\/wp-json\/wp\/v2\/product_tag?post=184429"}],"curies":[{"name":"wp","href":"https:\/\/api.w.org\/{rel}","templated":true}]}}