{"id":184494,"date":"2025-02-28T13:30:37","date_gmt":"2025-02-28T12:30:50","guid":{"rendered":"https:\/\/www.laperlavalles.cat\/product\/noodles-nongshim-neoguri-ramyun-hot-120g\/"},"modified":"2025-02-28T21:30:46","modified_gmt":"2025-02-28T20:30:46","slug":"noodles-nongshim-neoguri-ramyun-hot-120g","status":"publish","type":"product","link":"https:\/\/www.laperlavalles.cat\/es\/product\/noodles-nongshim-neoguri-ramyun-hot-120g\/","title":{"rendered":"NOODLES NONGSHIM NEOGURI RAMYUN HOT 120G"},"content":{"rendered":"<p>Noodles Nongshim Neoguri Ramyun Hot 120g son fideos instant\u00e1neos gruesos con un caldo picante e intenso de mariscos, inspirado en la cocina coreana. Su combinaci\u00f3n de sabor umami, especias y una textura firme los convierten en una opci\u00f3n ideal para los amantes de la comida picante. F\u00e1ciles de preparar, solo necesitas agregar agua caliente y esperar unos minutos para disfrutar de una comida deliciosa y reconfortante.<\/p>\n","protected":false},"excerpt":{"rendered":"<p>Noodles Nongshim Neoguri Ramyun Hot 120g son fideos instant\u00e1neos gruesos con un caldo picante e intenso de mariscos, inspirado en la cocina coreana. Su combinaci\u00f3n de<span class=\"excerpt-hellip\"> [\u2026]<\/span><\/p>\n","protected":false},"featured_media":184483,"comment_status":"open","ping_status":"closed","template":"","meta":[],"product_cat":[10618],"product_tag":[],"_links":{"self":[{"href":"https:\/\/www.laperlavalles.cat\/es\/wp-json\/wp\/v2\/product\/184494"}],"collection":[{"href":"https:\/\/www.laperlavalles.cat\/es\/wp-json\/wp\/v2\/product"}],"about":[{"href":"https:\/\/www.laperlavalles.cat\/es\/wp-json\/wp\/v2\/types\/product"}],"replies":[{"embeddable":true,"href":"https:\/\/www.laperlavalles.cat\/es\/wp-json\/wp\/v2\/comments?post=184494"}],"wp:featuredmedia":[{"embeddable":true,"href":"https:\/\/www.laperlavalles.cat\/es\/wp-json\/wp\/v2\/media\/184483"}],"wp:attachment":[{"href":"https:\/\/www.laperlavalles.cat\/es\/wp-json\/wp\/v2\/media?parent=184494"}],"wp:term":[{"taxonomy":"product_cat","embeddable":true,"href":"https:\/\/www.laperlavalles.cat\/es\/wp-json\/wp\/v2\/product_cat?post=184494"},{"taxonomy":"product_tag","embeddable":true,"href":"https:\/\/www.laperlavalles.cat\/es\/wp-json\/wp\/v2\/product_tag?post=184494"}],"curies":[{"name":"wp","href":"https:\/\/api.w.org\/{rel}","templated":true}]}}