{"id":184694,"date":"2025-02-28T13:49:32","date_gmt":"2025-02-28T12:49:32","guid":{"rendered":"https:\/\/www.laperlavalles.cat\/product\/noodles-nongshim-super-spicy-pot-68g-6\/"},"modified":"2025-02-28T13:49:32","modified_gmt":"2025-02-28T12:49:32","slug":"noodles-nongshim-super-spicy-pot-68g-6","status":"publish","type":"product","link":"https:\/\/www.laperlavalles.cat\/es\/product\/noodles-nongshim-super-spicy-pot-68g-6\/","title":{"rendered":"NOODLES NONGSHIM SUPER SPICY POT 68G"},"content":{"rendered":"<p>Noodles Nongshim Super Spicy Pot 68g son fideos instant\u00e1neos con un caldo extremadamente picante, perfectos para los amantes de los sabores intensos. Su combinaci\u00f3n de especias potencia el gusto, ofreciendo una experiencia gastron\u00f3mica ardiente y llena de car\u00e1cter. F\u00e1ciles de preparar, solo necesitas a\u00f1adir agua caliente y esperar unos minutos para disfrutar de una comida r\u00e1pida y llena de intensidad.<\/p>\n","protected":false},"excerpt":{"rendered":"<p>Noodles Nongshim Super Spicy Pot 68g son fideos instant\u00e1neos con un caldo extremadamente picante, perfectos para los amantes de los sabores intensos. Su combinaci\u00f3n de especias<span class=\"excerpt-hellip\"> [\u2026]<\/span><\/p>\n","protected":false},"featured_media":184690,"comment_status":"open","ping_status":"closed","template":"","meta":[],"product_cat":[36],"product_tag":[],"_links":{"self":[{"href":"https:\/\/www.laperlavalles.cat\/es\/wp-json\/wp\/v2\/product\/184694"}],"collection":[{"href":"https:\/\/www.laperlavalles.cat\/es\/wp-json\/wp\/v2\/product"}],"about":[{"href":"https:\/\/www.laperlavalles.cat\/es\/wp-json\/wp\/v2\/types\/product"}],"replies":[{"embeddable":true,"href":"https:\/\/www.laperlavalles.cat\/es\/wp-json\/wp\/v2\/comments?post=184694"}],"wp:featuredmedia":[{"embeddable":true,"href":"https:\/\/www.laperlavalles.cat\/es\/wp-json\/wp\/v2\/media\/184690"}],"wp:attachment":[{"href":"https:\/\/www.laperlavalles.cat\/es\/wp-json\/wp\/v2\/media?parent=184694"}],"wp:term":[{"taxonomy":"product_cat","embeddable":true,"href":"https:\/\/www.laperlavalles.cat\/es\/wp-json\/wp\/v2\/product_cat?post=184694"},{"taxonomy":"product_tag","embeddable":true,"href":"https:\/\/www.laperlavalles.cat\/es\/wp-json\/wp\/v2\/product_tag?post=184694"}],"curies":[{"name":"wp","href":"https:\/\/api.w.org\/{rel}","templated":true}]}}