{"id":185014,"date":"2025-02-28T14:17:49","date_gmt":"2025-02-28T13:18:00","guid":{"rendered":"https:\/\/www.laperlavalles.cat\/product\/noodles-nongshim-stir-fry-131g\/"},"modified":"2025-02-28T22:10:47","modified_gmt":"2025-02-28T21:10:47","slug":"noodles-nongshim-stir-fry-131g","status":"publish","type":"product","link":"https:\/\/www.laperlavalles.cat\/es\/product\/noodles-nongshim-stir-fry-131g\/","title":{"rendered":"NOODLES NONGSHIM STIR FRY 131G"},"content":{"rendered":"<p>Noodles Nongshim Stir Fry 131g son fideos instant\u00e1neos de salteado r\u00e1pido con un sabor intenso y especiado. Sin caldo, estos fideos tienen una textura masticable y est\u00e1n cubiertos con una deliciosa salsa coreana, perfecta para los amantes de los platos salteados. F\u00e1ciles de preparar, son una opci\u00f3n ideal para una comida r\u00e1pida y sabrosa.<\/p>\n","protected":false},"excerpt":{"rendered":"<p>Noodles Nongshim Stir Fry 131g son fideos instant\u00e1neos de salteado r\u00e1pido con un sabor intenso y especiado. Sin caldo, estos fideos tienen una textura masticable y<span class=\"excerpt-hellip\"> [\u2026]<\/span><\/p>\n","protected":false},"featured_media":185003,"comment_status":"open","ping_status":"closed","template":"","meta":[],"product_cat":[10618],"product_tag":[],"_links":{"self":[{"href":"https:\/\/www.laperlavalles.cat\/es\/wp-json\/wp\/v2\/product\/185014"}],"collection":[{"href":"https:\/\/www.laperlavalles.cat\/es\/wp-json\/wp\/v2\/product"}],"about":[{"href":"https:\/\/www.laperlavalles.cat\/es\/wp-json\/wp\/v2\/types\/product"}],"replies":[{"embeddable":true,"href":"https:\/\/www.laperlavalles.cat\/es\/wp-json\/wp\/v2\/comments?post=185014"}],"wp:featuredmedia":[{"embeddable":true,"href":"https:\/\/www.laperlavalles.cat\/es\/wp-json\/wp\/v2\/media\/185003"}],"wp:attachment":[{"href":"https:\/\/www.laperlavalles.cat\/es\/wp-json\/wp\/v2\/media?parent=185014"}],"wp:term":[{"taxonomy":"product_cat","embeddable":true,"href":"https:\/\/www.laperlavalles.cat\/es\/wp-json\/wp\/v2\/product_cat?post=185014"},{"taxonomy":"product_tag","embeddable":true,"href":"https:\/\/www.laperlavalles.cat\/es\/wp-json\/wp\/v2\/product_tag?post=185014"}],"curies":[{"name":"wp","href":"https:\/\/api.w.org\/{rel}","templated":true}]}}