{"id":185439,"date":"2025-02-28T14:48:07","date_gmt":"2025-02-28T13:48:07","guid":{"rendered":"https:\/\/www.laperlavalles.cat\/product\/noodles-nongshim-de-patata-100gr-6\/"},"modified":"2025-02-28T14:48:07","modified_gmt":"2025-02-28T13:48:07","slug":"noodles-nongshim-de-patata-100gr-6","status":"publish","type":"product","link":"https:\/\/www.laperlavalles.cat\/es\/product\/noodles-nongshim-de-patata-100gr-6\/","title":{"rendered":"NOODLES NONGSHIM DE PATATA 100GR"},"content":{"rendered":"<p>Noodles Nongshim de Patata 100GR son fideos instant\u00e1neos hechos con almid\u00f3n de patata, lo que les da una textura m\u00e1s el\u00e1stica y masticable en comparaci\u00f3n con los fideos tradicionales. Absorben perfectamente el caldo, ofreciendo un sabor suave y delicioso. Ideales para una experiencia ligera y reconfortante.<\/p>\n","protected":false},"excerpt":{"rendered":"<p>Noodles Nongshim de Patata 100GR son fideos instant\u00e1neos hechos con almid\u00f3n de patata, lo que les da una textura m\u00e1s el\u00e1stica y masticable en comparaci\u00f3n con<span class=\"excerpt-hellip\"> [\u2026]<\/span><\/p>\n","protected":false},"featured_media":185435,"comment_status":"open","ping_status":"closed","template":"","meta":[],"product_cat":[36],"product_tag":[],"_links":{"self":[{"href":"https:\/\/www.laperlavalles.cat\/es\/wp-json\/wp\/v2\/product\/185439"}],"collection":[{"href":"https:\/\/www.laperlavalles.cat\/es\/wp-json\/wp\/v2\/product"}],"about":[{"href":"https:\/\/www.laperlavalles.cat\/es\/wp-json\/wp\/v2\/types\/product"}],"replies":[{"embeddable":true,"href":"https:\/\/www.laperlavalles.cat\/es\/wp-json\/wp\/v2\/comments?post=185439"}],"wp:featuredmedia":[{"embeddable":true,"href":"https:\/\/www.laperlavalles.cat\/es\/wp-json\/wp\/v2\/media\/185435"}],"wp:attachment":[{"href":"https:\/\/www.laperlavalles.cat\/es\/wp-json\/wp\/v2\/media?parent=185439"}],"wp:term":[{"taxonomy":"product_cat","embeddable":true,"href":"https:\/\/www.laperlavalles.cat\/es\/wp-json\/wp\/v2\/product_cat?post=185439"},{"taxonomy":"product_tag","embeddable":true,"href":"https:\/\/www.laperlavalles.cat\/es\/wp-json\/wp\/v2\/product_tag?post=185439"}],"curies":[{"name":"wp","href":"https:\/\/api.w.org\/{rel}","templated":true}]}}