{"id":185474,"date":"2025-02-28T14:50:37","date_gmt":"2025-02-28T13:50:49","guid":{"rendered":"https:\/\/www.laperlavalles.cat\/product\/noodles-nongshim-shin-pot-68gr\/"},"modified":"2025-03-18T16:30:27","modified_gmt":"2025-03-18T15:30:27","slug":"noodles-nongshim-shin-pot-68gr","status":"publish","type":"product","link":"https:\/\/www.laperlavalles.cat\/es\/product\/noodles-nongshim-shin-pot-68gr\/","title":{"rendered":"NOODLES NONGSHIM SHIN POT 68GR"},"content":{"rendered":"<p>Noodles Nongshim Shin Pot 68GR son fideos instant\u00e1neos en vaso, conocidos por su caldo especiado y profundamente sabroso. Con un equilibrio perfecto entre picante y umami, son ideales para quienes buscan una opci\u00f3n r\u00e1pida y deliciosa con el cl\u00e1sico sabor Shin Ramyun.<\/p>\n","protected":false},"excerpt":{"rendered":"<p>Noodles Nongshim Shin Pot 68GR son fideos instant\u00e1neos en vaso, conocidos por su caldo especiado y profundamente sabroso. Con un equilibrio perfecto entre picante y umami,<span class=\"excerpt-hellip\"> [\u2026]<\/span><\/p>\n","protected":false},"featured_media":185463,"comment_status":"open","ping_status":"closed","template":"","meta":[],"product_cat":[10618],"product_tag":[],"_links":{"self":[{"href":"https:\/\/www.laperlavalles.cat\/es\/wp-json\/wp\/v2\/product\/185474"}],"collection":[{"href":"https:\/\/www.laperlavalles.cat\/es\/wp-json\/wp\/v2\/product"}],"about":[{"href":"https:\/\/www.laperlavalles.cat\/es\/wp-json\/wp\/v2\/types\/product"}],"replies":[{"embeddable":true,"href":"https:\/\/www.laperlavalles.cat\/es\/wp-json\/wp\/v2\/comments?post=185474"}],"wp:featuredmedia":[{"embeddable":true,"href":"https:\/\/www.laperlavalles.cat\/es\/wp-json\/wp\/v2\/media\/185463"}],"wp:attachment":[{"href":"https:\/\/www.laperlavalles.cat\/es\/wp-json\/wp\/v2\/media?parent=185474"}],"wp:term":[{"taxonomy":"product_cat","embeddable":true,"href":"https:\/\/www.laperlavalles.cat\/es\/wp-json\/wp\/v2\/product_cat?post=185474"},{"taxonomy":"product_tag","embeddable":true,"href":"https:\/\/www.laperlavalles.cat\/es\/wp-json\/wp\/v2\/product_tag?post=185474"}],"curies":[{"name":"wp","href":"https:\/\/api.w.org\/{rel}","templated":true}]}}