{"id":185639,"date":"2025-02-28T15:03:31","date_gmt":"2025-02-28T14:03:31","guid":{"rendered":"https:\/\/www.laperlavalles.cat\/product\/noodles-nongshim-shin-bowl-114gr-3\/"},"modified":"2025-02-28T15:03:31","modified_gmt":"2025-02-28T14:03:31","slug":"noodles-nongshim-shin-bowl-114gr-3","status":"publish","type":"product","link":"https:\/\/www.laperlavalles.cat\/es\/product\/noodles-nongshim-shin-bowl-114gr-3\/","title":{"rendered":"NOODLES NONGSHIM SHIN BOWL 114GR"},"content":{"rendered":"<p>Noodles Nongshim Shin Bowl 114GR son fideos instant\u00e1neos en formato bol, con el cl\u00e1sico sabor Shin Ramyun, caracterizado por su caldo intenso, especiado y ligeramente picante. La combinaci\u00f3n de fideos el\u00e1sticos y especias aut\u00e9nticas lo convierte en una opci\u00f3n deliciosa y conveniente para cualquier momento.<\/p>\n","protected":false},"excerpt":{"rendered":"<p>Noodles Nongshim Shin Bowl 114GR son fideos instant\u00e1neos en formato bol, con el cl\u00e1sico sabor Shin Ramyun, caracterizado por su caldo intenso, especiado y ligeramente picante.<span class=\"excerpt-hellip\"> [\u2026]<\/span><\/p>\n","protected":false},"featured_media":185635,"comment_status":"open","ping_status":"closed","template":"","meta":[],"product_cat":[36],"product_tag":[],"_links":{"self":[{"href":"https:\/\/www.laperlavalles.cat\/es\/wp-json\/wp\/v2\/product\/185639"}],"collection":[{"href":"https:\/\/www.laperlavalles.cat\/es\/wp-json\/wp\/v2\/product"}],"about":[{"href":"https:\/\/www.laperlavalles.cat\/es\/wp-json\/wp\/v2\/types\/product"}],"replies":[{"embeddable":true,"href":"https:\/\/www.laperlavalles.cat\/es\/wp-json\/wp\/v2\/comments?post=185639"}],"wp:featuredmedia":[{"embeddable":true,"href":"https:\/\/www.laperlavalles.cat\/es\/wp-json\/wp\/v2\/media\/185635"}],"wp:attachment":[{"href":"https:\/\/www.laperlavalles.cat\/es\/wp-json\/wp\/v2\/media?parent=185639"}],"wp:term":[{"taxonomy":"product_cat","embeddable":true,"href":"https:\/\/www.laperlavalles.cat\/es\/wp-json\/wp\/v2\/product_cat?post=185639"},{"taxonomy":"product_tag","embeddable":true,"href":"https:\/\/www.laperlavalles.cat\/es\/wp-json\/wp\/v2\/product_tag?post=185639"}],"curies":[{"name":"wp","href":"https:\/\/api.w.org\/{rel}","templated":true}]}}