{"id":185764,"date":"2025-02-28T15:14:23","date_gmt":"2025-02-28T14:14:23","guid":{"rendered":"https:\/\/www.laperlavalles.cat\/product\/noodles-nongshim-shin-kimchi-pot-75gr-3\/"},"modified":"2025-02-28T15:14:23","modified_gmt":"2025-02-28T14:14:23","slug":"noodles-nongshim-shin-kimchi-pot-75gr-3","status":"publish","type":"product","link":"https:\/\/www.laperlavalles.cat\/es\/product\/noodles-nongshim-shin-kimchi-pot-75gr-3\/","title":{"rendered":"NOODLES NONGSHIM SHIN KIMCHI POT 75GR"},"content":{"rendered":"<p>Noodles Nongshim Shin Kimchi Pot 75GR son fideos instant\u00e1neos en vaso con el cl\u00e1sico sabor Shin Ramyun combinado con el aut\u00e9ntico gusto del kimchi coreano. Su caldo es intenso, especiado y ligeramente \u00e1cido debido a la fermentaci\u00f3n del kimchi, brindando una experiencia \u00fanica y deliciosa para los amantes de los sabores fuertes.<\/p>\n","protected":false},"excerpt":{"rendered":"<p>Noodles Nongshim Shin Kimchi Pot 75GR son fideos instant\u00e1neos en vaso con el cl\u00e1sico sabor Shin Ramyun combinado con el aut\u00e9ntico gusto del kimchi coreano. Su<span class=\"excerpt-hellip\"> [\u2026]<\/span><\/p>\n","protected":false},"featured_media":185760,"comment_status":"open","ping_status":"closed","template":"","meta":[],"product_cat":[36],"product_tag":[],"_links":{"self":[{"href":"https:\/\/www.laperlavalles.cat\/es\/wp-json\/wp\/v2\/product\/185764"}],"collection":[{"href":"https:\/\/www.laperlavalles.cat\/es\/wp-json\/wp\/v2\/product"}],"about":[{"href":"https:\/\/www.laperlavalles.cat\/es\/wp-json\/wp\/v2\/types\/product"}],"replies":[{"embeddable":true,"href":"https:\/\/www.laperlavalles.cat\/es\/wp-json\/wp\/v2\/comments?post=185764"}],"wp:featuredmedia":[{"embeddable":true,"href":"https:\/\/www.laperlavalles.cat\/es\/wp-json\/wp\/v2\/media\/185760"}],"wp:attachment":[{"href":"https:\/\/www.laperlavalles.cat\/es\/wp-json\/wp\/v2\/media?parent=185764"}],"wp:term":[{"taxonomy":"product_cat","embeddable":true,"href":"https:\/\/www.laperlavalles.cat\/es\/wp-json\/wp\/v2\/product_cat?post=185764"},{"taxonomy":"product_tag","embeddable":true,"href":"https:\/\/www.laperlavalles.cat\/es\/wp-json\/wp\/v2\/product_tag?post=185764"}],"curies":[{"name":"wp","href":"https:\/\/api.w.org\/{rel}","templated":true}]}}