{"id":185934,"date":"2025-02-28T15:26:12","date_gmt":"2025-02-28T14:26:12","guid":{"rendered":"https:\/\/www.laperlavalles.cat\/product\/noodles-nongshim-shin-kimchi-bowl-112gr-8\/"},"modified":"2025-02-28T15:26:12","modified_gmt":"2025-02-28T14:26:12","slug":"noodles-nongshim-shin-kimchi-bowl-112gr-8","status":"publish","type":"product","link":"https:\/\/www.laperlavalles.cat\/es\/product\/noodles-nongshim-shin-kimchi-bowl-112gr-8\/","title":{"rendered":"NOODLES NONGSHIM SHIN KIMCHI BOWL 112GR"},"content":{"rendered":"<p>Noodles Nongshim Shin Kimchi Bowl 112GR son fideos instant\u00e1neos en formato bol, con el cl\u00e1sico sabor Shin Ramyun combinado con el intenso gusto del kimchi coreano. Su caldo es rico, especiado y ligeramente \u00e1cido, brindando una experiencia aut\u00e9ntica y reconfortante para los amantes de los sabores intensos.<\/p>\n","protected":false},"excerpt":{"rendered":"<p>Noodles Nongshim Shin Kimchi Bowl 112GR son fideos instant\u00e1neos en formato bol, con el cl\u00e1sico sabor Shin Ramyun combinado con el intenso gusto del kimchi coreano.<span class=\"excerpt-hellip\"> [\u2026]<\/span><\/p>\n","protected":false},"featured_media":185930,"comment_status":"open","ping_status":"closed","template":"","meta":[],"product_cat":[36],"product_tag":[],"_links":{"self":[{"href":"https:\/\/www.laperlavalles.cat\/es\/wp-json\/wp\/v2\/product\/185934"}],"collection":[{"href":"https:\/\/www.laperlavalles.cat\/es\/wp-json\/wp\/v2\/product"}],"about":[{"href":"https:\/\/www.laperlavalles.cat\/es\/wp-json\/wp\/v2\/types\/product"}],"replies":[{"embeddable":true,"href":"https:\/\/www.laperlavalles.cat\/es\/wp-json\/wp\/v2\/comments?post=185934"}],"wp:featuredmedia":[{"embeddable":true,"href":"https:\/\/www.laperlavalles.cat\/es\/wp-json\/wp\/v2\/media\/185930"}],"wp:attachment":[{"href":"https:\/\/www.laperlavalles.cat\/es\/wp-json\/wp\/v2\/media?parent=185934"}],"wp:term":[{"taxonomy":"product_cat","embeddable":true,"href":"https:\/\/www.laperlavalles.cat\/es\/wp-json\/wp\/v2\/product_cat?post=185934"},{"taxonomy":"product_tag","embeddable":true,"href":"https:\/\/www.laperlavalles.cat\/es\/wp-json\/wp\/v2\/product_tag?post=185934"}],"curies":[{"name":"wp","href":"https:\/\/api.w.org\/{rel}","templated":true}]}}