{"id":186204,"date":"2025-02-28T15:47:51","date_gmt":"2025-02-28T14:47:51","guid":{"rendered":"https:\/\/www.laperlavalles.cat\/product\/noodles-nongshim-shin-ramyun-pollo-picante-120gr-6\/"},"modified":"2025-02-28T15:47:51","modified_gmt":"2025-02-28T14:47:51","slug":"noodles-nongshim-shin-ramyun-pollo-picante-120gr-6","status":"publish","type":"product","link":"https:\/\/www.laperlavalles.cat\/es\/product\/noodles-nongshim-shin-ramyun-pollo-picante-120gr-6\/","title":{"rendered":"NOODLES NONGSHIM SHIN RAMYUN POLLO PICANTE 120GR"},"content":{"rendered":"<p>Noodles Nongshim Shin Ramyun Pollo Picante 120GR son fideos instant\u00e1neos con un caldo intenso de pollo y un toque picante caracter\u00edstico. La combinaci\u00f3n de especias y su textura suave los hacen una opci\u00f3n ideal para los amantes de los sabores fuertes y especiados.<\/p>\n","protected":false},"excerpt":{"rendered":"<p>Noodles Nongshim Shin Ramyun Pollo Picante 120GR son fideos instant\u00e1neos con un caldo intenso de pollo y un toque picante caracter\u00edstico. La combinaci\u00f3n de especias y<span class=\"excerpt-hellip\"> [\u2026]<\/span><\/p>\n","protected":false},"featured_media":186200,"comment_status":"open","ping_status":"closed","template":"","meta":[],"product_cat":[36],"product_tag":[],"_links":{"self":[{"href":"https:\/\/www.laperlavalles.cat\/es\/wp-json\/wp\/v2\/product\/186204"}],"collection":[{"href":"https:\/\/www.laperlavalles.cat\/es\/wp-json\/wp\/v2\/product"}],"about":[{"href":"https:\/\/www.laperlavalles.cat\/es\/wp-json\/wp\/v2\/types\/product"}],"replies":[{"embeddable":true,"href":"https:\/\/www.laperlavalles.cat\/es\/wp-json\/wp\/v2\/comments?post=186204"}],"wp:featuredmedia":[{"embeddable":true,"href":"https:\/\/www.laperlavalles.cat\/es\/wp-json\/wp\/v2\/media\/186200"}],"wp:attachment":[{"href":"https:\/\/www.laperlavalles.cat\/es\/wp-json\/wp\/v2\/media?parent=186204"}],"wp:term":[{"taxonomy":"product_cat","embeddable":true,"href":"https:\/\/www.laperlavalles.cat\/es\/wp-json\/wp\/v2\/product_cat?post=186204"},{"taxonomy":"product_tag","embeddable":true,"href":"https:\/\/www.laperlavalles.cat\/es\/wp-json\/wp\/v2\/product_tag?post=186204"}],"curies":[{"name":"wp","href":"https:\/\/api.w.org\/{rel}","templated":true}]}}