{"id":186849,"date":"2025-03-12T12:13:18","date_gmt":"2025-03-12T11:13:18","guid":{"rendered":"https:\/\/www.laperlavalles.cat\/product\/harina-de-niebe-marca-label-afrik-500-g-4\/"},"modified":"2025-03-12T12:13:18","modified_gmt":"2025-03-12T11:13:18","slug":"harina-de-niebe-marca-label-afrik-500-g-4","status":"publish","type":"product","link":"https:\/\/www.laperlavalles.cat\/es\/product\/harina-de-niebe-marca-label-afrik-500-g-4\/","title":{"rendered":"Harina de Ni\u00e9b\u00e9 Marca Label Afrik 500 g"},"content":{"rendered":"<p>Esta harina, elaborada a partir del ni\u00e9b\u00e9, una legumbre tradicional africana, es perfecta para preparar platos t\u00edpicos como el akara o el moin-moin. Tambi\u00e9n es una excelente alternativa sin gluten para panes, pasteles y otras elaboraciones culinarias<\/p>\n","protected":false},"excerpt":{"rendered":"<p>Esta harina, elaborada a partir del ni\u00e9b\u00e9, una legumbre tradicional africana, es perfecta para preparar platos t\u00edpicos como el akara o el moin-moin. Tambi\u00e9n es una<span class=\"excerpt-hellip\"> [\u2026]<\/span><\/p>\n","protected":false},"featured_media":186845,"comment_status":"open","ping_status":"closed","template":"","meta":[],"product_cat":[8398,8476],"product_tag":[],"_links":{"self":[{"href":"https:\/\/www.laperlavalles.cat\/es\/wp-json\/wp\/v2\/product\/186849"}],"collection":[{"href":"https:\/\/www.laperlavalles.cat\/es\/wp-json\/wp\/v2\/product"}],"about":[{"href":"https:\/\/www.laperlavalles.cat\/es\/wp-json\/wp\/v2\/types\/product"}],"replies":[{"embeddable":true,"href":"https:\/\/www.laperlavalles.cat\/es\/wp-json\/wp\/v2\/comments?post=186849"}],"wp:featuredmedia":[{"embeddable":true,"href":"https:\/\/www.laperlavalles.cat\/es\/wp-json\/wp\/v2\/media\/186845"}],"wp:attachment":[{"href":"https:\/\/www.laperlavalles.cat\/es\/wp-json\/wp\/v2\/media?parent=186849"}],"wp:term":[{"taxonomy":"product_cat","embeddable":true,"href":"https:\/\/www.laperlavalles.cat\/es\/wp-json\/wp\/v2\/product_cat?post=186849"},{"taxonomy":"product_tag","embeddable":true,"href":"https:\/\/www.laperlavalles.cat\/es\/wp-json\/wp\/v2\/product_tag?post=186849"}],"curies":[{"name":"wp","href":"https:\/\/api.w.org\/{rel}","templated":true}]}}