{"id":187294,"date":"2025-03-12T12:46:17","date_gmt":"2025-03-12T11:46:17","guid":{"rendered":"https:\/\/www.laperlavalles.cat\/product\/fideos-instantaneos-hao-hao-sabor-pollo-acecook-74gr-7\/"},"modified":"2025-03-12T12:46:17","modified_gmt":"2025-03-12T11:46:17","slug":"fideos-instantaneos-hao-hao-sabor-pollo-acecook-74gr-7","status":"publish","type":"product","link":"https:\/\/www.laperlavalles.cat\/es\/product\/fideos-instantaneos-hao-hao-sabor-pollo-acecook-74gr-7\/","title":{"rendered":"Fideos Instant\u00e1neos Hao Hao Sabor Pollo Acecook 74gr"},"content":{"rendered":"<p>Fideos instant\u00e1neos con sabor a pollo, elaborados con harina de trigo y una mezcla de especias asi\u00e1ticas aut\u00e9nticas, ideales para una comida r\u00e1pida y deliciosa: solo necesitas hervir agua, a\u00f1adir los fideos y el sazonador, y en pocos minutos tienes un plato listo.<\/p>\n","protected":false},"excerpt":{"rendered":"<p>Fideos instant\u00e1neos con sabor a pollo, elaborados con harina de trigo y una mezcla de especias asi\u00e1ticas aut\u00e9nticas, ideales para una comida r\u00e1pida y deliciosa: solo<span class=\"excerpt-hellip\"> [\u2026]<\/span><\/p>\n","protected":false},"featured_media":187290,"comment_status":"open","ping_status":"closed","template":"","meta":[],"product_cat":[36],"product_tag":[],"_links":{"self":[{"href":"https:\/\/www.laperlavalles.cat\/es\/wp-json\/wp\/v2\/product\/187294"}],"collection":[{"href":"https:\/\/www.laperlavalles.cat\/es\/wp-json\/wp\/v2\/product"}],"about":[{"href":"https:\/\/www.laperlavalles.cat\/es\/wp-json\/wp\/v2\/types\/product"}],"replies":[{"embeddable":true,"href":"https:\/\/www.laperlavalles.cat\/es\/wp-json\/wp\/v2\/comments?post=187294"}],"wp:featuredmedia":[{"embeddable":true,"href":"https:\/\/www.laperlavalles.cat\/es\/wp-json\/wp\/v2\/media\/187290"}],"wp:attachment":[{"href":"https:\/\/www.laperlavalles.cat\/es\/wp-json\/wp\/v2\/media?parent=187294"}],"wp:term":[{"taxonomy":"product_cat","embeddable":true,"href":"https:\/\/www.laperlavalles.cat\/es\/wp-json\/wp\/v2\/product_cat?post=187294"},{"taxonomy":"product_tag","embeddable":true,"href":"https:\/\/www.laperlavalles.cat\/es\/wp-json\/wp\/v2\/product_tag?post=187294"}],"curies":[{"name":"wp","href":"https:\/\/api.w.org\/{rel}","templated":true}]}}