{"id":187329,"date":"2025-03-12T12:47:54","date_gmt":"2025-03-12T11:48:06","guid":{"rendered":"https:\/\/www.laperlavalles.cat\/product\/fideos-instantaneos-hao-hao-sabor-vegetariano-acecook-75gr\/"},"modified":"2025-10-06T11:00:56","modified_gmt":"2025-10-06T09:00:56","slug":"fideos-instantaneos-hao-hao-sabor-vegetariano-acecook-75gr","status":"publish","type":"product","link":"https:\/\/www.laperlavalles.cat\/es\/product\/fideos-instantaneos-hao-hao-sabor-vegetariano-acecook-75gr\/","title":{"rendered":"Fideos Instant\u00e1neos Hao Hao Sabor Vegetariano Acecook 75gr"},"content":{"rendered":"<p>Fideos instant\u00e1neos con sabor vegetariano, elaborados con harina de trigo y una mezcla de especias asi\u00e1ticas aut\u00e9nticas, ideales para una comida r\u00e1pida y deliciosa: solo necesitas hervir agua, a\u00f1adir los fideos y el sazonador, y en pocos minutos tienes un plato listo.<\/p>\n","protected":false},"excerpt":{"rendered":"<p>Fideos instant\u00e1neos con sabor vegetariano, elaborados con harina de trigo y una mezcla de especias asi\u00e1ticas aut\u00e9nticas, ideales para una comida r\u00e1pida y deliciosa: solo necesitas<span class=\"excerpt-hellip\"> [\u2026]<\/span><\/p>\n","protected":false},"featured_media":187318,"comment_status":"open","ping_status":"closed","template":"","meta":[],"product_cat":[10618],"product_tag":[],"_links":{"self":[{"href":"https:\/\/www.laperlavalles.cat\/es\/wp-json\/wp\/v2\/product\/187329"}],"collection":[{"href":"https:\/\/www.laperlavalles.cat\/es\/wp-json\/wp\/v2\/product"}],"about":[{"href":"https:\/\/www.laperlavalles.cat\/es\/wp-json\/wp\/v2\/types\/product"}],"replies":[{"embeddable":true,"href":"https:\/\/www.laperlavalles.cat\/es\/wp-json\/wp\/v2\/comments?post=187329"}],"wp:featuredmedia":[{"embeddable":true,"href":"https:\/\/www.laperlavalles.cat\/es\/wp-json\/wp\/v2\/media\/187318"}],"wp:attachment":[{"href":"https:\/\/www.laperlavalles.cat\/es\/wp-json\/wp\/v2\/media?parent=187329"}],"wp:term":[{"taxonomy":"product_cat","embeddable":true,"href":"https:\/\/www.laperlavalles.cat\/es\/wp-json\/wp\/v2\/product_cat?post=187329"},{"taxonomy":"product_tag","embeddable":true,"href":"https:\/\/www.laperlavalles.cat\/es\/wp-json\/wp\/v2\/product_tag?post=187329"}],"curies":[{"name":"wp","href":"https:\/\/api.w.org\/{rel}","templated":true}]}}