{"id":188049,"date":"2025-03-12T13:36:50","date_gmt":"2025-03-12T12:36:50","guid":{"rendered":"https:\/\/www.laperlavalles.cat\/product\/fideos-instantaneos-siu-kay-sabor-marisco-extra-picante-acecook-127gr-6\/"},"modified":"2025-03-12T13:36:50","modified_gmt":"2025-03-12T12:36:50","slug":"fideos-instantaneos-siu-kay-sabor-marisco-extra-picante-acecook-127gr-6","status":"publish","type":"product","link":"https:\/\/www.laperlavalles.cat\/es\/product\/fideos-instantaneos-siu-kay-sabor-marisco-extra-picante-acecook-127gr-6\/","title":{"rendered":"Fideos Instant\u00e1neos Siu Kay Sabor Marisco Extra Picante Acecook 127gr"},"content":{"rendered":"<p>Los Fideos Instant\u00e1neos Siu Kay Sabor Marisco Extra Picante ofrecen una experiencia culinaria inolvidable para los amantes de los sabores intensos. Su combinaci\u00f3n de aut\u00e9ntico sabor a marisco y un toque picante vibrante despierta los sentidos e invita a disfrutar de un plato lleno de car\u00e1cter y pasi\u00f3n.<\/p>\n","protected":false},"excerpt":{"rendered":"<p>Los Fideos Instant\u00e1neos Siu Kay Sabor Marisco Extra Picante ofrecen una experiencia culinaria inolvidable para los amantes de los sabores intensos. Su combinaci\u00f3n de aut\u00e9ntico sabor<span class=\"excerpt-hellip\"> [\u2026]<\/span><\/p>\n","protected":false},"featured_media":188045,"comment_status":"open","ping_status":"closed","template":"","meta":[],"product_cat":[36],"product_tag":[],"_links":{"self":[{"href":"https:\/\/www.laperlavalles.cat\/es\/wp-json\/wp\/v2\/product\/188049"}],"collection":[{"href":"https:\/\/www.laperlavalles.cat\/es\/wp-json\/wp\/v2\/product"}],"about":[{"href":"https:\/\/www.laperlavalles.cat\/es\/wp-json\/wp\/v2\/types\/product"}],"replies":[{"embeddable":true,"href":"https:\/\/www.laperlavalles.cat\/es\/wp-json\/wp\/v2\/comments?post=188049"}],"wp:featuredmedia":[{"embeddable":true,"href":"https:\/\/www.laperlavalles.cat\/es\/wp-json\/wp\/v2\/media\/188045"}],"wp:attachment":[{"href":"https:\/\/www.laperlavalles.cat\/es\/wp-json\/wp\/v2\/media?parent=188049"}],"wp:term":[{"taxonomy":"product_cat","embeddable":true,"href":"https:\/\/www.laperlavalles.cat\/es\/wp-json\/wp\/v2\/product_cat?post=188049"},{"taxonomy":"product_tag","embeddable":true,"href":"https:\/\/www.laperlavalles.cat\/es\/wp-json\/wp\/v2\/product_tag?post=188049"}],"curies":[{"name":"wp","href":"https:\/\/api.w.org\/{rel}","templated":true}]}}