{"id":188154,"date":"2025-03-12T13:42:03","date_gmt":"2025-03-12T12:42:16","guid":{"rendered":"https:\/\/www.laperlavalles.cat\/product\/pate-de-sardinella-pinton-380-g\/"},"modified":"2025-03-12T13:49:11","modified_gmt":"2025-03-12T12:49:11","slug":"pate-de-sardinella-pinton-380-g","status":"publish","type":"product","link":"https:\/\/www.laperlavalles.cat\/es\/product\/pate-de-sardinella-pinton-380-g\/","title":{"rendered":"Pat\u00e9 de Sardinella Pinton 380 g"},"content":{"rendered":"<p>Pat\u00e9 de sardinas ideal para consumir en tostadas, s\u00e1ndwiches o en croquetas y bu\u00f1uelos fritos.<\/p>\n","protected":false},"excerpt":{"rendered":"<p>Pat\u00e9 de sardinas ideal para consumir en tostadas, s\u00e1ndwiches o en croquetas y bu\u00f1uelos fritos.<\/p>\n","protected":false},"featured_media":188143,"comment_status":"open","ping_status":"closed","template":"","meta":[],"product_cat":[10618],"product_tag":[],"_links":{"self":[{"href":"https:\/\/www.laperlavalles.cat\/es\/wp-json\/wp\/v2\/product\/188154"}],"collection":[{"href":"https:\/\/www.laperlavalles.cat\/es\/wp-json\/wp\/v2\/product"}],"about":[{"href":"https:\/\/www.laperlavalles.cat\/es\/wp-json\/wp\/v2\/types\/product"}],"replies":[{"embeddable":true,"href":"https:\/\/www.laperlavalles.cat\/es\/wp-json\/wp\/v2\/comments?post=188154"}],"wp:featuredmedia":[{"embeddable":true,"href":"https:\/\/www.laperlavalles.cat\/es\/wp-json\/wp\/v2\/media\/188143"}],"wp:attachment":[{"href":"https:\/\/www.laperlavalles.cat\/es\/wp-json\/wp\/v2\/media?parent=188154"}],"wp:term":[{"taxonomy":"product_cat","embeddable":true,"href":"https:\/\/www.laperlavalles.cat\/es\/wp-json\/wp\/v2\/product_cat?post=188154"},{"taxonomy":"product_tag","embeddable":true,"href":"https:\/\/www.laperlavalles.cat\/es\/wp-json\/wp\/v2\/product_tag?post=188154"}],"curies":[{"name":"wp","href":"https:\/\/api.w.org\/{rel}","templated":true}]}}